{"id":198,"date":"2019-11-02T18:59:09","date_gmt":"2019-11-02T18:59:09","guid":{"rendered":"http:\/\/fine-europe.eu\/?page_id=198"},"modified":"2025-05-12T20:04:44","modified_gmt":"2025-05-12T20:04:44","slug":"objectifs-generaux","status":"publish","type":"page","link":"https:\/\/www.fine-europe.eu\/?page_id=198","title":{"rendered":"Missions et valeurs"},"content":{"rendered":"<p>[et_pb_section fb_built=&#8221;1&#8243; _builder_version=&#8221;4.16&#8243; global_colors_info=&#8221;{}&#8221;][et_pb_row column_structure=&#8221;1_4,1_2,1_4&#8243; _builder_version=&#8221;4.16&#8243; global_colors_info=&#8221;{}&#8221;][et_pb_column type=&#8221;1_4&#8243; _builder_version=&#8221;4.16&#8243; global_colors_info=&#8221;{}&#8221;][et_pb_image src=&#8221;http:\/\/fine-europe.eu\/wp-content\/uploads\/2020\/01\/iStock-1129332568-scaled.jpg&#8221; _builder_version=&#8221;4.16&#8243; min_height=&#8221;100px&#8221; custom_margin=&#8221;||40px|||&#8221; custom_padding=&#8221;||0px|||&#8221; global_colors_info=&#8221;{}&#8221;][\/et_pb_image][et_pb_divider show_divider=&#8221;off&#8221; _builder_version=&#8221;4.16&#8243; global_colors_info=&#8221;{}&#8221;][\/et_pb_divider][et_pb_image src=&#8221;http:\/\/fine-europe.eu\/wp-content\/uploads\/2020\/01\/iStock-636472710-scaled.jpg&#8221; _builder_version=&#8221;4.16&#8243; custom_margin=&#8221;||40px|||&#8221; global_colors_info=&#8221;{}&#8221;][\/et_pb_image][et_pb_divider show_divider=&#8221;off&#8221; _builder_version=&#8221;4.16&#8243; global_colors_info=&#8221;{}&#8221;][\/et_pb_divider][et_pb_image src=&#8221;http:\/\/fine-europe.eu\/wp-content\/uploads\/2020\/01\/iStock-1139893552-scaled.jpg&#8221; _builder_version=&#8221;4.16&#8243; custom_margin=&#8221;||40px|||&#8221; global_colors_info=&#8221;{}&#8221;][\/et_pb_image][et_pb_divider show_divider=&#8221;off&#8221; _builder_version=&#8221;4.16&#8243; global_colors_info=&#8221;{}&#8221;][\/et_pb_divider][et_pb_image src=&#8221;http:\/\/fine-europe.eu\/wp-content\/uploads\/2020\/01\/iStock-694005116-scaled.jpg&#8221; _builder_version=&#8221;4.16&#8243; custom_margin=&#8221;||40px|||&#8221; global_colors_info=&#8221;{}&#8221;][\/et_pb_image][et_pb_divider _builder_version=&#8221;4.16&#8243; global_colors_info=&#8221;{}&#8221;][\/et_pb_divider][et_pb_image src=&#8221;http:\/\/fine-europe.eu\/wp-content\/uploads\/2020\/01\/iStock-1041144088-scaled.jpg&#8221; _builder_version=&#8221;4.16&#8243; global_colors_info=&#8221;{}&#8221;][\/et_pb_image][\/et_pb_column][et_pb_column type=&#8221;1_2&#8243; _builder_version=&#8221;4.16&#8243; global_colors_info=&#8221;{}&#8221;][et_pb_text _builder_version=&#8221;4.27.4&#8243; min_height=&#8221;275px&#8221; hover_enabled=&#8221;0&#8243; global_colors_info=&#8221;{}&#8221; sticky_enabled=&#8221;0&#8243;]<\/p>\n<h3><span style=\"color: #3669bc;\">Mission<\/span><\/h3>\n<p><strong>FINE est une organisation internationale, non gouvernementale et \u00e0 but non lucratif, d\u00e9di\u00e9e \u00e0 la promotion de l\u2019excellence dans l\u2019enseignement infirmier et au d\u00e9veloppement continu des comp\u00e9tences des formateurs en soins infirmiers \u00e0 travers l\u2019Europe et \u00e0 l\u2019\u00e9chelle mondiale.<\/strong><\/p>\n<p>La mission de FINE est de donner aux formateurs en soins infirmiers les moyens de fa\u00e7onner l\u2019avenir des syst\u00e8mes de sant\u00e9, de r\u00e9pondre aux besoins de sant\u00e9 des populations et de contribuer au bien-\u00eatre mondial gr\u00e2ce \u00e0 un enseignement innovant fond\u00e9 sur des donn\u00e9es probantes, \u00e0 des pratiques durables et \u00e0 un leadership collaboratif.<\/p>\n<h3><span style=\"color: #3669bc;\">Valeurs<\/span><\/h3>\n<p><strong>Excellence dans l\u2019enseignement infirmier<\/strong><\/p>\n<p>FINE transforme l\u2019enseignement infirmier en alignant les programmes \u00e0 l\u2019\u00e9chelle mondiale et en donnant aux formateurs les moyens d\u2019adopter des m\u00e9thodes d\u2019enseignement modernes. Ces m\u00e9thodes, telles que la simulation, les plateformes num\u00e9riques, l\u2019enseignement bas\u00e9 sur l\u2019IA et la t\u00e9l\u00e9sant\u00e9, sont essentielles pour s\u2019adapter \u00e0 un paysage de soins de sant\u00e9 en constante \u00e9volution. FINE s\u2019engage \u00e0 impulser des am\u00e9liorations significatives dans les politiques publiques, la durabilit\u00e9 des effectifs et les soins centr\u00e9s sur le patient.<\/p>\n<p><strong>Gouvernance partag\u00e9e et leadership<\/strong><\/p>\n<p>FINE renforce les capacit\u00e9s des formateurs en favorisant la prise de d\u00e9cision collaborative, le d\u00e9veloppement du leadership et l\u2019influence active sur les politiques. Cette approche favorise une culture positive et inclusive, propice \u00e0 des avanc\u00e9es durables dans la formation infirmi\u00e8re.<\/p>\n<p><strong>Ouverture<\/strong><\/p>\n<p>FINE promeut l\u2019alignement de l\u2019enseignement infirmier avec le Cadre europ\u00e9en des certifications (CEC) et le processus de Bologne. Cet alignement est essentiel pour garantir l\u2019uniformit\u00e9, la mobilit\u00e9 et la reconnaissance des comp\u00e9tences en Europe. FINE encourage l\u2019implication active de ses membres et souligne l\u2019importance de l\u2019autonomie dans la formation infirmi\u00e8re. Elle soutient \u00e9galement des politiques volontaristes visant \u00e0 favoriser le d\u00e9veloppement professionnel, \u00e0 pallier la p\u00e9nurie d\u2019enseignants et \u00e0 am\u00e9liorer sensiblement les conditions de travail.<\/p>\n<p><strong>\u00c9thique et int\u00e9grit\u00e9<\/strong><\/p>\n<p>FINE d\u00e9fend fermement la prise de d\u00e9cision \u00e9thique, l\u2019int\u00e9grit\u00e9 intellectuelle et la communication transparente, veillant \u00e0 ce que toutes ses actions soient conformes aux normes professionnelles les plus \u00e9lev\u00e9es. Les programmes infirmiers doivent int\u00e9grer la comp\u00e9tence interculturelle, l\u2019\u00e9quit\u00e9, l\u2019\u00e9thique num\u00e9rique et la durabilit\u00e9 afin de pr\u00e9parer efficacement les infirmiers et leurs formateurs \u00e0 intervenir dans des contextes diversifi\u00e9s, tout en respectant les droits et la dignit\u00e9 des patients.<\/p>\n<p><strong>Collaboration interprofessionnelle<\/strong><\/p>\n<p>FINE promeut l\u2019\u00e9ducation interprofessionnelle et encourage les infirmiers \u00e0 collaborer \u00e9troitement avec les autres professionnels de sant\u00e9 pour garantir des soins de haute qualit\u00e9. Elle d\u00e9fend un leadership infirmier fort dans l\u2019\u00e9laboration des politiques de sant\u00e9 et appelle \u00e0 la mise en place de programmes de mentorat robustes, au d\u00e9veloppement complet des comp\u00e9tences p\u00e9dagogiques des formateurs et \u00e0 une formation standardis\u00e9e, afin d\u2019\u00e9lever l\u2019enseignement infirmier aux plus hauts standards.<\/p>\n<p><strong>Recherche et innovation pour un enseignement et une pratique fond\u00e9s sur des donn\u00e9es probantes<\/strong><\/p>\n<p>FINE est un leader dans l&#8217;avancement de l&#8217;enseignement des soins infirmiers gr\u00e2ce \u00e0 une recherche rigoureuse, \u00e0 l&#8217;int\u00e9gration de pratiques fond\u00e9es sur des donn\u00e9es probantes dans les programmes d&#8217;\u00e9tudes et au soutien des programmes de doctorat afin de favoriser l&#8217;innovation dans les soins aux patients, l&#8217;\u00e9laboration de politiques et la transformation de la prestation des soins de sant\u00e9.<\/p>\n<p><strong>Durabilit\u00e9 de l&#8217;enseignement et de la pratique des soins infirmiers<\/strong><\/p>\n<p>FINE encourage activement les soins infirmiers durables en s&#8217;engageant dans l&#8217;apprentissage tout au long de la vie et le d\u00e9veloppement continu des comp\u00e9tences. Nous int\u00e9grons des soins de sant\u00e9 r\u00e9sistants au climat et des pratiques efficaces en termes de ressources comme \u00e9l\u00e9ments essentiels de notre mission. Conform\u00e9ment aux objectifs de d\u00e9veloppement durable des Nations unies, nous promouvons sans \u00e9quivoque des soins de sant\u00e9 \u00e9quitables et durables et exigeons une \u00e9ducation de qualit\u00e9 pour lutter contre les disparit\u00e9s mondiales en mati\u00e8re de sant\u00e9, tout en d\u00e9ployant des efforts pour pr\u00e9venir les dommages \u00e9vitables \u00e0 l&#8217;environnement.<\/p>\n<p>[\/et_pb_text][et_pb_button button_text=&#8221;Clics&#8221; _builder_version=&#8221;4.27.4&#8243; _module_preset=&#8221;default&#8221; hover_enabled=&#8221;0&#8243; sticky_enabled=&#8221;0&#8243;][\/et_pb_button][\/et_pb_column][et_pb_column type=&#8221;1_4&#8243; _builder_version=&#8221;4.16&#8243; global_colors_info=&#8221;{}&#8221;][et_pb_sidebar _builder_version=&#8221;4.16&#8243; global_colors_info=&#8221;{}&#8221;][\/et_pb_sidebar][\/et_pb_column][\/et_pb_row][\/et_pb_section]<\/p>\n","protected":false},"excerpt":{"rendered":"<p>Mission FINE est une organisation internationale, non gouvernementale et \u00e0 but non lucratif, d\u00e9di\u00e9e \u00e0 la promotion de l\u2019excellence dans l\u2019enseignement infirmier et au d\u00e9veloppement continu des comp\u00e9tences des formateurs en soins infirmiers \u00e0 travers l\u2019Europe et \u00e0 l\u2019\u00e9chelle mondiale. La mission de FINE est de donner aux formateurs en soins infirmiers les moyens de [&hellip;]<\/p>\n","protected":false},"author":2,"featured_media":0,"parent":192,"menu_order":1,"comment_status":"closed","ping_status":"closed","template":"","meta":{"_et_pb_use_builder":"on","_et_pb_old_content":"","_et_gb_content_width":"","footnotes":""},"class_list":["post-198","page","type-page","status-publish","hentry"],"_links":{"self":[{"href":"https:\/\/www.fine-europe.eu\/index.php?rest_route=\/wp\/v2\/pages\/198","targetHints":{"allow":["GET"]}}],"collection":[{"href":"https:\/\/www.fine-europe.eu\/index.php?rest_route=\/wp\/v2\/pages"}],"about":[{"href":"https:\/\/www.fine-europe.eu\/index.php?rest_route=\/wp\/v2\/types\/page"}],"author":[{"embeddable":true,"href":"https:\/\/www.fine-europe.eu\/index.php?rest_route=\/wp\/v2\/users\/2"}],"replies":[{"embeddable":true,"href":"https:\/\/www.fine-europe.eu\/index.php?rest_route=%2Fwp%2Fv2%2Fcomments&post=198"}],"version-history":[{"count":17,"href":"https:\/\/www.fine-europe.eu\/index.php?rest_route=\/wp\/v2\/pages\/198\/revisions"}],"predecessor-version":[{"id":4456,"href":"https:\/\/www.fine-europe.eu\/index.php?rest_route=\/wp\/v2\/pages\/198\/revisions\/4456"}],"up":[{"embeddable":true,"href":"https:\/\/www.fine-europe.eu\/index.php?rest_route=\/wp\/v2\/pages\/192"}],"wp:attachment":[{"href":"https:\/\/www.fine-europe.eu\/index.php?rest_route=%2Fwp%2Fv2%2Fmedia&parent=198"}],"curies":[{"name":"wp","href":"https:\/\/api.w.org\/{rel}","templated":true}]}}