{"id":2028,"date":"2020-02-23T15:04:29","date_gmt":"2020-02-23T15:04:29","guid":{"rendered":"https:\/\/fine-europe.eu\/?page_id=2028"},"modified":"2025-01-06T15:03:29","modified_gmt":"2025-01-06T15:03:29","slug":"maria-cassar-vice-presidente","status":"publish","type":"page","link":"https:\/\/www.fine-europe.eu\/?page_id=2028","title":{"rendered":"Maria Cassar, Membre Ex\u00e9cutif"},"content":{"rendered":"<p>[et_pb_section fb_built=&#8221;1&#8243; _builder_version=&#8221;4.16&#8243; global_colors_info=&#8221;{}&#8221;][et_pb_row column_structure=&#8221;2_5,3_5&#8243; _builder_version=&#8221;4.16&#8243; global_colors_info=&#8221;{}&#8221;][et_pb_column type=&#8221;2_5&#8243; _builder_version=&#8221;4.16&#8243; global_colors_info=&#8221;{}&#8221;][et_pb_image src=&#8221;https:\/\/www.fine-europe.eu\/wp-content\/uploads\/2019\/11\/Maria-Cassar_Photo-230&#215;260.jpg&#8221; align=&#8221;center&#8221; _builder_version=&#8221;4.16&#8243; global_colors_info=&#8221;{}&#8221;][\/et_pb_image][et_pb_text _builder_version=&#8221;4.16&#8243; global_colors_info=&#8221;{}&#8221;]<\/p>\n<p style=\"text-align: center;\"><strong>MARIA CASSAR<\/strong><\/p>\n<p style=\"text-align: center;\"><strong>MEMBRE EXECUTIF<\/strong><\/p>\n<p>[\/et_pb_text][et_pb_image src=&#8221;https:\/\/www.fine-europe.eu\/wp-content\/uploads\/2020\/02\/1280px-Flag_of_Malta.svg_.png&#8221; align=&#8221;center&#8221; _builder_version=&#8221;4.16&#8243; width=&#8221;30%&#8221; height=&#8221;80px&#8221; border_radii=&#8221;on|1px|1px|1px|1px&#8221; border_width_all=&#8221;1px&#8221; border_color_all=&#8221;#000000&#8243; global_colors_info=&#8221;{}&#8221;][\/et_pb_image][\/et_pb_column][et_pb_column type=&#8221;3_5&#8243; _builder_version=&#8221;4.16&#8243; global_colors_info=&#8221;{}&#8221;][et_pb_text _builder_version=&#8221;4.27.2&#8243; hover_enabled=&#8221;0&#8243; global_colors_info=&#8221;{}&#8221; sticky_enabled=&#8221;0&#8243;]<\/p>\n<p>Maria Cassar a obtenu son dipl\u00f4me d&#8217;infirmi\u00e8re \u00e0 l&#8217;universit\u00e9 de Malte en 1993. Elle a ensuite suivi des \u00e9tudes de ma\u00eetrise et de doctorat en formation des infirmi\u00e8res au Kings College de l&#8217;universit\u00e9 de Londres et \u00e0 l&#8217;universit\u00e9 d&#8217;Aberdeen, en \u00c9cosse, respectivement, et a obtenu une ma\u00eetrise en enseignement en ligne \u00e0 l&#8217;universit\u00e9 de l&#8217;Illinois, aux \u00c9tats-Unis.<\/p>\n<p>Au cours de ses 30 ann\u00e9es de carri\u00e8re professionnelle en soins infirmiers, elle a exerc\u00e9 en tant que clinicienne et formatrice d&#8217;infirmi\u00e8res en Europe, en Asie, en Afrique et aux \u00c9tats-Unis.<\/p>\n<p>Ses principaux domaines d&#8217;int\u00e9r\u00eat professionnel sont l&#8217;\u00e9laboration et l&#8217;\u00e9valuation de programmes d&#8217;\u00e9tudes, l&#8217;utilisation de la technologie et de la simulation dans l&#8217;enseignement et l&#8217;apprentissage, l&#8217;internationalisation de l&#8217;enseignement sup\u00e9rieur, la r\u00e9glementation et la mobilit\u00e9 des infirmi\u00e8res, y compris les infirmi\u00e8res r\u00e9fugi\u00e9es (qualifi\u00e9es) sans papiers. Maria a suivi une formation \u00e0 l&#8217;IAIE et \u00e0 la Tuning Academy, en Espagne, dans ce domaine.<\/p>\n<p>Elle a particip\u00e9 \u00e0 plusieurs projets transnationaux d&#8217;enseignement infirmier, notamment le projet TUNING-MEDA (soins infirmiers), le projet CALOHEE (soins infirmiers), les projets ISPAD, DigiT et TOViD, SG4NS, EthCo et NNE. Elle est active dans la d\u00e9fense de la sant\u00e9 plan\u00e9taire dans les contextes de soins de sant\u00e9 et de services sociaux et a \u00e9t\u00e9 la premi\u00e8re \u00e0 lancer l&#8217;initiative Nurses Climate Champions en Europe. Elle est actuellement engag\u00e9e dans le projet Born Green- Delivering Toxic-free Healthcare (Na\u00eetre vert &#8211; Fournir des soins de sant\u00e9 sans produits toxiques). Ces deux initiatives sont men\u00e9es par le HCWH, avec lequel elle a ouvert de solides voies de collaboration.<\/p>\n<p>En 2019, elle a \u00e9t\u00e9 \u00e9lue au comit\u00e9 ex\u00e9cutif de FINE et occupe cette fonction \u00e0 ce jour. Elle a \u00e9t\u00e9 nomm\u00e9e au conseil d&#8217;administration du Global Nursing Accreditation and Certification Council (GNACC) en 2024.<\/p>\n<p>Elle a \u00e9t\u00e9 pr\u00e9sidente du conseil d&#8217;administration de l&#8217;h\u00f4pital de r\u00e9adaptation Karin Grech et coordinatrice des politiques du minist\u00e8re de la sant\u00e9 \u00e0 Malte entre 2009 et 2013. Elle est actuellement universitaire r\u00e9sidente \u00e0 plein temps au d\u00e9partement des soins infirmiers de l&#8217;universit\u00e9 de Malte. Elle a une bonne ma\u00eetrise de l&#8217;anglais, du maltais et de l&#8217;italien, ainsi qu&#8217;une connaissance de base du fran\u00e7ais et de l&#8217;arabe.<\/p>\n<p>[\/et_pb_text][\/et_pb_column][\/et_pb_row][\/et_pb_section]<\/p>\n","protected":false},"excerpt":{"rendered":"<p>MARIA CASSAR MEMBRE EXECUTIFMaria Cassar a obtenu son dipl\u00f4me d&#8217;infirmi\u00e8re \u00e0 l&#8217;universit\u00e9 de Malte en 1993. Elle a ensuite suivi des \u00e9tudes de ma\u00eetrise et de doctorat en formation des infirmi\u00e8res au Kings College de l&#8217;universit\u00e9 de Londres et \u00e0 l&#8217;universit\u00e9 d&#8217;Aberdeen, en \u00c9cosse, respectivement, et a obtenu une ma\u00eetrise en enseignement en ligne \u00e0 [&hellip;]<\/p>\n","protected":false},"author":2,"featured_media":0,"parent":0,"menu_order":0,"comment_status":"closed","ping_status":"closed","template":"","meta":{"_et_pb_use_builder":"on","_et_pb_old_content":"","_et_gb_content_width":"","footnotes":""},"class_list":["post-2028","page","type-page","status-publish","hentry"],"_links":{"self":[{"href":"https:\/\/www.fine-europe.eu\/index.php?rest_route=\/wp\/v2\/pages\/2028","targetHints":{"allow":["GET"]}}],"collection":[{"href":"https:\/\/www.fine-europe.eu\/index.php?rest_route=\/wp\/v2\/pages"}],"about":[{"href":"https:\/\/www.fine-europe.eu\/index.php?rest_route=\/wp\/v2\/types\/page"}],"author":[{"embeddable":true,"href":"https:\/\/www.fine-europe.eu\/index.php?rest_route=\/wp\/v2\/users\/2"}],"replies":[{"embeddable":true,"href":"https:\/\/www.fine-europe.eu\/index.php?rest_route=%2Fwp%2Fv2%2Fcomments&post=2028"}],"version-history":[{"count":7,"href":"https:\/\/www.fine-europe.eu\/index.php?rest_route=\/wp\/v2\/pages\/2028\/revisions"}],"predecessor-version":[{"id":3945,"href":"https:\/\/www.fine-europe.eu\/index.php?rest_route=\/wp\/v2\/pages\/2028\/revisions\/3945"}],"wp:attachment":[{"href":"https:\/\/www.fine-europe.eu\/index.php?rest_route=%2Fwp%2Fv2%2Fmedia&parent=2028"}],"curies":[{"name":"wp","href":"https:\/\/api.w.org\/{rel}","templated":true}]}}