{"id":2038,"date":"2020-02-23T15:58:46","date_gmt":"2020-02-23T15:58:46","guid":{"rendered":"https:\/\/fine-europe.eu\/?page_id=2038"},"modified":"2025-01-06T20:51:13","modified_gmt":"2025-01-06T20:51:13","slug":"christophe-debout-vice-president","status":"publish","type":"page","link":"https:\/\/www.fine-europe.eu\/?page_id=2038","title":{"rendered":"Dimitrios Theofanidis, membre ex\u00e9cutif"},"content":{"rendered":"\n[et_pb_section fb_built=&#8221;1&#8243; _builder_version=&#8221;4.16&#8243; global_colors_info=&#8221;{}&#8221;][et_pb_row column_structure=&#8221;2_5,3_5&#8243; _builder_version=&#8221;4.16&#8243; global_colors_info=&#8221;{}&#8221;][et_pb_column type=&#8221;2_5&#8243; _builder_version=&#8221;4.16&#8243; global_colors_info=&#8221;{}&#8221;][et_pb_image src=&#8221;https:\/\/www.fine-europe.eu\/wp-content\/uploads\/2022\/09\/dimitrios_theofanis-2.jpeg&#8221; title_text=&#8221;dimitrios_theofanis&#8221; align=&#8221;center&#8221; _builder_version=&#8221;4.18.0&#8243; module_alignment=&#8221;center&#8221; hover_enabled=&#8221;0&#8243; global_colors_info=&#8221;{}&#8221; sticky_enabled=&#8221;0&#8243;][\/et_pb_image][et_pb_text _builder_version=&#8221;4.18.0&#8243; global_colors_info=&#8221;{}&#8221;]<p style=\"text-align: center;\"><strong>DIMITRIOS THEOFANIDIS<\/strong><\/p>\n<p style=\"text-align: center;\"><strong>MEMBRE EXECUTIF<\/strong><\/p>[\/et_pb_text][et_pb_image src=&#8221;https:\/\/www.fine-europe.eu\/wp-content\/uploads\/2022\/09\/Flag_of_Greece.svg_.png&#8221; title_text=&#8221;Flag_of_Greece.svg&#8221; align=&#8221;center&#8221; _builder_version=&#8221;4.18.0&#8243; width=&#8221;30%&#8221; module_alignment=&#8221;center&#8221; height=&#8221;80px&#8221; global_colors_info=&#8221;{}&#8221;][\/et_pb_image][\/et_pb_column][et_pb_column type=&#8221;3_5&#8243; _builder_version=&#8221;4.16&#8243; global_colors_info=&#8221;{}&#8221;][et_pb_text _builder_version=&#8221;4.18.0&#8243; global_colors_info=&#8221;{}&#8221;]<p>Le Dr Dimitrios Theofanidis est professeur associ\u00e9 au d\u00e9partement des soins infirmiers de l&#8217;Universit\u00e9 internationale de Gr\u00e8ce o\u00f9 il enseigne les soins infirmiers g\u00e9riatriques, les soins infirmiers neurologiques, la r\u00e9adaptation, les soins infirmiers interculturels, la psychologie de la sant\u00e9, les soins aux personnes \u00e2g\u00e9es, l&#8217;\u00e9pid\u00e9miologie et les comp\u00e9tences cliniques depuis 2008.<br \/>En 1993, il a \u00e9t\u00e9 dipl\u00f4m\u00e9 du d\u00e9partement des soins infirmiers de l&#8217;ATEI, en 1995, il a obtenu un master en soins infirmiers de l&#8217;universit\u00e9 de Liverpool et en 2014, un doctorat de l&#8217;universit\u00e9 de Bath au Royaume-Uni et en 2020, il a obtenu un master en \u00e9thique et th\u00e9ologie chr\u00e9tienne de l&#8217;\u00e9cole de th\u00e9ologie de l&#8217;universit\u00e9 Aristote de Thessalonique. <br \/>Le th\u00e8me principal de sa th\u00e8se de doctorat \u00e9tait l&#8217;\u00e9tude de l&#8217;hospitalisation des patients victimes d&#8217;un accident vasculaire c\u00e9r\u00e9bral isch\u00e9mique, et plus pr\u00e9cis\u00e9ment l&#8217;\u00e9valuation comparative des r\u00e9sultats de l&#8217;hospitalisation dans trois types diff\u00e9rents de services hospitaliers, tandis que sa derni\u00e8re th\u00e8se de ma\u00eetrise se concentrait sur les dilemmes \u00e9thiques d\u00e9coulant de la d\u00e9cision de proc\u00e9der \u00e0 un avortement apr\u00e8s un viol.<br \/>Depuis 1993, il travaille en tant qu&#8217;infirmier dans divers h\u00f4pitaux du Royaume-Uni et de Gr\u00e8ce. Depuis 2008, il fait partie du corps enseignant de l&#8217;ATEI et a \u00e9t\u00e9 chercheur postdoctoral \u00e0 l&#8217;Universidad Pedagogica Nacional Francisco Morazan, au Honduras, pour une p\u00e9riode de 6 mois, dans le cadre du programme europ\u00e9en pour la promotion de la coop\u00e9ration UE-Am\u00e9rique latine. <br \/>Les activit\u00e9s de recherche du Dr Theofanidis portent principalement sur les soins aux victimes d&#8217;accidents vasculaires c\u00e9r\u00e9braux, la maladie d&#8217;Alzheimer et les questions morales li\u00e9es aux soins. Ses recherches sont pr\u00e9sent\u00e9es dans des revues scientifiques internationales et sont actuellement repr\u00e9sent\u00e9es par un indice H de 13 et plus de 1700 citations.<\/p>[\/et_pb_text][\/et_pb_column][\/et_pb_row][\/et_pb_section]\n","protected":false},"excerpt":{"rendered":"<p>DIMITRIOS THEOFANIDIS MEMBRE EXECUTIFLe Dr Dimitrios Theofanidis est professeur associ\u00e9 au d\u00e9partement des soins infirmiers de l&#8217;Universit\u00e9 internationale de Gr\u00e8ce o\u00f9 il enseigne les soins infirmiers g\u00e9riatriques, les soins infirmiers neurologiques, la r\u00e9adaptation, les soins infirmiers interculturels, la psychologie de la sant\u00e9, les soins aux personnes \u00e2g\u00e9es, l&#8217;\u00e9pid\u00e9miologie et les comp\u00e9tences cliniques depuis 2008.En 1993, [&hellip;]<\/p>\n","protected":false},"author":2,"featured_media":0,"parent":0,"menu_order":0,"comment_status":"closed","ping_status":"closed","template":"","meta":{"_et_pb_use_builder":"on","_et_pb_old_content":"","_et_gb_content_width":"","footnotes":""},"class_list":["post-2038","page","type-page","status-publish","hentry"],"_links":{"self":[{"href":"https:\/\/www.fine-europe.eu\/index.php?rest_route=\/wp\/v2\/pages\/2038","targetHints":{"allow":["GET"]}}],"collection":[{"href":"https:\/\/www.fine-europe.eu\/index.php?rest_route=\/wp\/v2\/pages"}],"about":[{"href":"https:\/\/www.fine-europe.eu\/index.php?rest_route=\/wp\/v2\/types\/page"}],"author":[{"embeddable":true,"href":"https:\/\/www.fine-europe.eu\/index.php?rest_route=\/wp\/v2\/users\/2"}],"replies":[{"embeddable":true,"href":"https:\/\/www.fine-europe.eu\/index.php?rest_route=%2Fwp%2Fv2%2Fcomments&post=2038"}],"version-history":[{"count":8,"href":"https:\/\/www.fine-europe.eu\/index.php?rest_route=\/wp\/v2\/pages\/2038\/revisions"}],"predecessor-version":[{"id":4012,"href":"https:\/\/www.fine-europe.eu\/index.php?rest_route=\/wp\/v2\/pages\/2038\/revisions\/4012"}],"wp:attachment":[{"href":"https:\/\/www.fine-europe.eu\/index.php?rest_route=%2Fwp%2Fv2%2Fmedia&parent=2038"}],"curies":[{"name":"wp","href":"https:\/\/api.w.org\/{rel}","templated":true}]}}