{"id":2047,"date":"2020-02-23T16:05:19","date_gmt":"2020-02-23T16:05:19","guid":{"rendered":"https:\/\/fine-europe.eu\/?page_id=2047"},"modified":"2022-04-13T15:24:59","modified_gmt":"2022-04-13T15:24:59","slug":"maria-filomena-mendes-gaspar-vice-presidente","status":"publish","type":"page","link":"https:\/\/www.fine-europe.eu\/?page_id=2047","title":{"rendered":"Maria Filomena Mendes Gaspar, Vice-Pr\u00e9sidente"},"content":{"rendered":"<p>[et_pb_section fb_built=&#8221;1&#8243; _builder_version=&#8221;4.3.2&#8243; global_colors_info=&#8221;{}&#8221;][et_pb_row column_structure=&#8221;2_5,3_5&#8243; _builder_version=&#8221;4.3.2&#8243; global_colors_info=&#8221;{}&#8221;][et_pb_column type=&#8221;2_5&#8243; _builder_version=&#8221;4.3.2&#8243; global_colors_info=&#8221;{}&#8221;][et_pb_image src=&#8221;https:\/\/www.fine-europe.eu\/wp-content\/uploads\/2022\/04\/filomena-scaled.jpg&#8221; align=&#8221;center&#8221; _builder_version=&#8221;4.14.4&#8243; module_alignment=&#8221;center&#8221; hover_enabled=&#8221;0&#8243; global_colors_info=&#8221;{}&#8221; title_text=&#8221;filomena&#8221; sticky_enabled=&#8221;0&#8243;][\/et_pb_image][et_pb_text _builder_version=&#8221;4.3.2&#8243; global_colors_info=&#8221;{}&#8221;]<\/p>\n<p style=\"text-align: center;\"><strong>MARIA FILOMENA MENDES GASPAR<\/strong><\/p>\n<p style=\"text-align: center;\"><strong>VICE-PRESIDENTE<\/strong><\/p>\n<p>[\/et_pb_text][et_pb_image src=&#8221;https:\/\/www.fine-europe.eu\/wp-content\/uploads\/2020\/02\/1280px-Flag_of_Portugal.svg_.png&#8221; align=&#8221;center&#8221; _builder_version=&#8221;4.3.2&#8243; width=&#8221;30%&#8221; height=&#8221;80px&#8221; global_colors_info=&#8221;{}&#8221;][\/et_pb_image][\/et_pb_column][et_pb_column type=&#8221;3_5&#8243; _builder_version=&#8221;4.3.2&#8243; global_colors_info=&#8221;{}&#8221;][et_pb_text _builder_version=&#8221;4.14.4&#8243; hover_enabled=&#8221;0&#8243; global_colors_info=&#8221;{}&#8221; sticky_enabled=&#8221;0&#8243;]<\/p>\n<p><span style=\"font-size: medium;\"><b>Formation<\/b><\/span><\/p>\n<p align=\"justify\"><span style=\"font-size: medium;\"><span lang=\"en-US\"><b>1980<\/b><\/span><\/span><span style=\"font-size: medium;\"><span lang=\"en-US\"> Dipl\u00f4me d&#8217;infirmi\u00e8re (1980) (infirmi\u00e8re g\u00e9n\u00e9rale RN)<\/span><\/span><\/p>\n<p align=\"justify\"><span style=\"font-size: medium;\"><span lang=\"en-US\"><b>1991<\/b><\/span><\/span><span style=\"font-size: medium;\"><span lang=\"en-US\"> Sp\u00e9cialisation en soins infirmiers m\u00e9dico-chirurgicaux <\/span><\/span><\/p>\n<p align=\"justify\"><span style=\"font-size: medium;\"><span lang=\"en-US\"><b>1996<\/b><\/span><\/span><span style=\"font-size: medium;\"><span lang=\"en-US\"> Ma\u00eetrise en psychologie sociale et organisationnelle &#8211; comportement organisationnel &#8211; Institut de psychologie appliqu\u00e9e (ISPA)<\/span><\/span><\/p>\n<p align=\"justify\"><span style=\"font-size: medium;\"><span lang=\"en-US\"><b>2006<\/b><\/span><\/span><span style=\"font-size: medium;\"><span lang=\"en-US\"> Doctorat (PhD) en Psychologie sociale et organisationnelle &#8211; Comportement organisationnel (ISCTE)<\/span><\/span><\/p>\n<p align=\"justify\"><span style=\"font-size: medium;\"><span lang=\"en-US\"><b>2014<\/b><\/span><\/span><span style=\"font-size: medium;\"><span lang=\"en-US\"> Dipl\u00f4me en administration sanitaire et hospitali\u00e8re (2014) &#8211; \u00c9cole nationale de sant\u00e9 publique (ENSP) &#8211; Universit\u00e9 Nova de Lisbonne (UNL)<\/span><\/span><\/p>\n<p lang=\"en-GB\"><span style=\"font-size: medium;\"><b>Position actuelle \/ Activit\u00e9 professionnelle<\/b><\/span><\/p>\n<p><span style=\"font-size: medium;\"><span lang=\"en-GB\"><u>Professeur coordinateur de l&#8217;ESEL <\/u><\/span><\/span><span style=\"font-size: medium;\"><span lang=\"en-GB\"> (\u00c9cole d&#8217;infirmi\u00e8res de Lisbonne) avec discussion publique en administration des soins infirmiers.<\/span><\/span><\/p>\n<p lang=\"en-GB\">Coordinateur du d\u00e9partement : Administration des soins infirmiers<\/p>\n<p lang=\"en-GB\">Ancien pr\u00e9sident de l&#8217;ESEL 2007 -2019<\/p>\n<ul>\n<li>\n<p lang=\"en-US\"><span style=\"font-size: medium;\">Membre du comit\u00e9 scientifique du programme de doctorat en sciences infirmi\u00e8res depuis 2007 \u00e0 l&#8217;Universit\u00e9 de Lisbonne, et \u00e9galement ancien coordinateur du master en gestion des soins infirmiers \u00e0 l&#8217;ESEL.<\/span><\/p>\n<\/li>\n<li>\n<p lang=\"en-US\">Membre \u00e9rudit de l&#8217;Acad\u00e9mie europ\u00e9enne des sciences infirmi\u00e8res (EANS) depuis 2008.<\/p>\n<\/li>\n<li>\n<p lang=\"en-US\">Membre du comit\u00e9 d&#8217;\u00e9thique portugais pour la recherche sur les essais cliniques 2011 &#8211; 2014 (nomination par le ministre).<\/p>\n<\/li>\n<li>\n<p lang=\"en-US\"><span style=\"font-size: medium;\">Member of the National Committee for Quality in Health &#8211; since 2013- 2018<\/span><\/p>\n<\/li>\n<li>Vice-pr\u00e9sident de la F\u00e9d\u00e9ration Europ\u00e9enne des Infirmi\u00e8res Educatrices (FINE)-2014- jusqu&#8217;\u00e0 pr\u00e9sent<\/li>\n<li>\n<p lang=\"en-US\">Pr\u00e9sident de l&#8217;Assembl\u00e9e g\u00e9n\u00e9rale de l&#8217;Association des centres acad\u00e9miques et cliniques de m\u00e9decine de Lisbonne (AD- CAML) 2016- 2019<\/p>\n<\/li>\n<\/ul>\n<p lang=\"en-US\">Principaux domaines de recherche et d&#8217;enseignement : Leadership infirmier ; qualit\u00e9 des soins ; politique des soins infirmiers et de la sant\u00e9 ; s\u00e9curit\u00e9 des patients ; environnement de travail et comportement de citoyennet\u00e9 organisationnelle (OCB) ; interventions infirmi\u00e8res et interventions complexes ; repr\u00e9sentations sociales en sant\u00e9.<\/p>\n<p lang=\"en-US\">Superviseur de doctorants et de ma\u00eetres infirmiers.<\/p>\n<p>[\/et_pb_text][\/et_pb_column][\/et_pb_row][\/et_pb_section]<\/p>\n","protected":false},"excerpt":{"rendered":"<p>MARIA FILOMENA MENDES GASPAR VICE-PRESIDENTEFormation 1980 Dipl\u00f4me d&#8217;infirmi\u00e8re (1980) (infirmi\u00e8re g\u00e9n\u00e9rale RN) 1991 Sp\u00e9cialisation en soins infirmiers m\u00e9dico-chirurgicaux 1996 Ma\u00eetrise en psychologie sociale et organisationnelle &#8211; comportement organisationnel &#8211; Institut de psychologie appliqu\u00e9e (ISPA) 2006 Doctorat (PhD) en Psychologie sociale et organisationnelle &#8211; Comportement organisationnel (ISCTE) 2014 Dipl\u00f4me en administration sanitaire et hospitali\u00e8re (2014) &#8211; [&hellip;]<\/p>\n","protected":false},"author":2,"featured_media":0,"parent":0,"menu_order":0,"comment_status":"closed","ping_status":"closed","template":"","meta":{"_et_pb_use_builder":"on","_et_pb_old_content":"","_et_gb_content_width":"","footnotes":""},"class_list":["post-2047","page","type-page","status-publish","hentry"],"_links":{"self":[{"href":"https:\/\/www.fine-europe.eu\/index.php?rest_route=\/wp\/v2\/pages\/2047","targetHints":{"allow":["GET"]}}],"collection":[{"href":"https:\/\/www.fine-europe.eu\/index.php?rest_route=\/wp\/v2\/pages"}],"about":[{"href":"https:\/\/www.fine-europe.eu\/index.php?rest_route=\/wp\/v2\/types\/page"}],"author":[{"embeddable":true,"href":"https:\/\/www.fine-europe.eu\/index.php?rest_route=\/wp\/v2\/users\/2"}],"replies":[{"embeddable":true,"href":"https:\/\/www.fine-europe.eu\/index.php?rest_route=%2Fwp%2Fv2%2Fcomments&post=2047"}],"version-history":[{"count":3,"href":"https:\/\/www.fine-europe.eu\/index.php?rest_route=\/wp\/v2\/pages\/2047\/revisions"}],"predecessor-version":[{"id":2992,"href":"https:\/\/www.fine-europe.eu\/index.php?rest_route=\/wp\/v2\/pages\/2047\/revisions\/2992"}],"wp:attachment":[{"href":"https:\/\/www.fine-europe.eu\/index.php?rest_route=%2Fwp%2Fv2%2Fmedia&parent=2047"}],"curies":[{"name":"wp","href":"https:\/\/api.w.org\/{rel}","templated":true}]}}