{"id":2167,"date":"2020-02-23T22:39:09","date_gmt":"2020-02-23T22:39:09","guid":{"rendered":"https:\/\/fine-europe.eu\/?page_id=2167"},"modified":"2024-01-28T13:11:40","modified_gmt":"2024-01-28T13:11:40","slug":"registration-form-international-institution","status":"publish","type":"page","link":"https:\/\/www.fine-europe.eu\/?page_id=2167&lang=en","title":{"rendered":"Registration form &#8211; international institution."},"content":{"rendered":"<p>[et_pb_section fb_built=&#8221;1&#8243; _builder_version=&#8221;4.16&#8243; global_colors_info=&#8221;{}&#8221;][et_pb_row column_structure=&#8221;3_4,1_4&#8243; _builder_version=&#8221;4.16&#8243; global_colors_info=&#8221;{}&#8221;][et_pb_column type=&#8221;3_4&#8243; _builder_version=&#8221;4.16&#8243; global_colors_info=&#8221;{}&#8221;][et_pb_text _builder_version=&#8221;4.16&#8243; global_colors_info=&#8221;{}&#8221;]<\/p>\n<h2>International institution registration<\/h2>\n<p>To proceed with your application, you need fill in two remaining steps :<\/p>\n<ul>\n<li>Fill the below form<\/li>\n<li>Wire the membership fee with following details :<\/li>\n<\/ul>\n<p style=\"padding-left: 60px;\"><span><span style=\"text-decoration: underline;\"><strong>Account holder :<\/strong><\/span> F\u00e9d\u00e9ration europ\u00e9enne des enseignants en soins infirmier (FINE Europe)<\/span><\/p>\n<p style=\"padding-left: 60px;\"><span><strong><span style=\"text-decoration: underline;\">Bank identification :<\/span><\/strong> Cr\u00e9dit Lyonnais LCL<\/span><\/p>\n<p style=\"padding-left: 60px;\"><span><strong><span style=\"text-decoration: underline;\">Bank address :<\/span><\/strong> LCL, 19 rue des Francs Bourgeois 67000 Strasbourg<\/span><\/p>\n<p style=\"padding-left: 60px;\"><span><span style=\"text-decoration: underline;\"><strong>Account number :<\/strong><\/span>\u00a00000117023Y<\/span><\/p>\n<p style=\"padding-left: 60px;\"><span><strong><span style=\"text-decoration: underline;\">IBAN :<\/span><\/strong>\u00a0FR4430002065310000117023Y50<\/span><\/p>\n<p style=\"padding-left: 60px;\"><span><span style=\"text-decoration: underline;\"><strong>BIC :<\/strong><\/span>\u00a0CRLYFRPP<\/span><\/p>\n<p style=\"padding-left: 60px;\"><span style=\"text-decoration: underline;\"><strong>Communication :<\/strong><\/span> &#8220;Internat membership&#8221; +<span style=\"color: #000000;\"> <em>Your institution name<\/em><\/span><\/p>\n<p><span style=\"color: #000000;\">Once the form submitted, you will get a confirmation email with all the required information to wire the membership fee.<br \/><\/span><span style=\"color: #000000;\">Note: FINE is not subject to VAT and has no tax identification number.<\/span><\/p>\n<p>[\/et_pb_text][et_pb_code _builder_version=&#8221;4.16&#8243; text_orientation=&#8221;left&#8221; global_colors_info=&#8221;{}&#8221;]\n<div class=\"wpcf7 no-js\" id=\"wpcf7-f2183-o1\" lang=\"en-US\" dir=\"ltr\" data-wpcf7-id=\"2183\">\n<div class=\"screen-reader-response\"><p role=\"status\" aria-live=\"polite\" aria-atomic=\"true\"><\/p> <ul><\/ul><\/div>\n<form action=\"\/index.php?rest_route=%2Fwp%2Fv2%2Fpages%2F2167#wpcf7-f2183-o1\" method=\"post\" class=\"wpcf7-form init\" aria-label=\"Contact form\" novalidate=\"novalidate\" data-status=\"init\">\n<fieldset class=\"hidden-fields-container\"><input type=\"hidden\" name=\"_wpcf7\" value=\"2183\" \/><input type=\"hidden\" name=\"_wpcf7_version\" value=\"6.1.5\" \/><input type=\"hidden\" name=\"_wpcf7_locale\" value=\"en_US\" \/><input type=\"hidden\" name=\"_wpcf7_unit_tag\" value=\"wpcf7-f2183-o1\" \/><input type=\"hidden\" name=\"_wpcf7_container_post\" value=\"0\" \/><input type=\"hidden\" name=\"_wpcf7_posted_data_hash\" value=\"\" \/><input type=\"hidden\" name=\"_wpcf7_recaptcha_response\" value=\"\" \/>\n<\/fieldset>\n<div class=\"one-full\">\n\t<p><label> Name of the organization (mandatory)<br \/>\n<span class=\"wpcf7-form-control-wrap\" data-name=\"your-organisation\"><input size=\"40\" maxlength=\"400\" class=\"wpcf7-form-control wpcf7-text wpcf7-validates-as-required\" aria-required=\"true\" aria-invalid=\"false\" value=\"\" type=\"text\" name=\"your-organisation\" \/><\/span> <\/label>\n\t<\/p>\n<\/div>\n<div class=\"one-third\">\n\t<p><label> Organization missions (mandatory)<br \/>\n<span class=\"wpcf7-form-control-wrap\" data-name=\"orga-object\"><input size=\"40\" maxlength=\"400\" class=\"wpcf7-form-control wpcf7-text wpcf7-validates-as-required\" aria-required=\"true\" aria-invalid=\"false\" value=\"\" type=\"text\" name=\"orga-object\" \/><\/span><\/label>\n\t<\/p>\n<\/div>\n<div class=\"one-third\">\n\t<p><label> Organization objectives (mandatory)<br \/>\n<span class=\"wpcf7-form-control-wrap\" data-name=\"orga-objectifs\"><input size=\"40\" maxlength=\"400\" class=\"wpcf7-form-control wpcf7-text wpcf7-validates-as-required\" aria-required=\"true\" aria-invalid=\"false\" value=\"\" type=\"text\" name=\"orga-objectifs\" \/><\/span> <\/label>\n\t<\/p>\n<\/div>\n<div class=\"one-third last\">\n\t<p><label> Number of members (mandatory)<br \/>\n<span class=\"wpcf7-form-control-wrap\" data-name=\"orga-member-nbr\"><input size=\"40\" maxlength=\"400\" class=\"wpcf7-form-control wpcf7-text wpcf7-validates-as-required\" aria-required=\"true\" aria-invalid=\"false\" value=\"\" type=\"text\" name=\"orga-member-nbr\" \/><\/span> <\/label>\n\t<\/p>\n<\/div>\n<div class=\"one-full\">\n\t<p><label> Organization address (mandatory)<br \/>\n<span class=\"wpcf7-form-control-wrap\" data-name=\"your-address\"><input size=\"40\" maxlength=\"400\" class=\"wpcf7-form-control wpcf7-text wpcf7-validates-as-required\" aria-required=\"true\" aria-invalid=\"false\" value=\"\" type=\"text\" name=\"your-address\" \/><\/span> <\/label>\n\t<\/p>\n<\/div>\n<div class=\"one-half\">\n\t<p><label> Phone (mandatory)<br \/>\n<span class=\"wpcf7-form-control-wrap\" data-name=\"your-phone\"><input size=\"40\" maxlength=\"400\" class=\"wpcf7-form-control wpcf7-tel wpcf7-validates-as-required wpcf7-text wpcf7-validates-as-tel\" aria-required=\"true\" aria-invalid=\"false\" value=\"\" type=\"tel\" name=\"your-phone\" \/><\/span> <\/label>\n\t<\/p>\n<\/div>\n<div class=\"one-half last\">\n\t<p><label> Email (mandatory)<br \/>\n<span class=\"wpcf7-form-control-wrap\" data-name=\"contact-email\"><input size=\"40\" maxlength=\"400\" class=\"wpcf7-form-control wpcf7-email wpcf7-validates-as-required wpcf7-text wpcf7-validates-as-email\" aria-required=\"true\" aria-invalid=\"false\" value=\"\" type=\"email\" name=\"contact-email\" \/><\/span> <\/label>\n\t<\/p>\n<\/div>\n<div class=\"one-full\">\n\t<p><label> Website<br \/>\n<span class=\"wpcf7-form-control-wrap\" data-name=\"orga-website\"><input size=\"40\" maxlength=\"400\" class=\"wpcf7-form-control wpcf7-url wpcf7-text wpcf7-validates-as-url\" aria-invalid=\"false\" value=\"\" type=\"url\" name=\"orga-website\" \/><\/span> <\/label>\n\t<\/p>\n<\/div>\n<div class=\"one-full\">\n\t<p><label> Summary of the state of nursing education in your country.<br \/>\n<span class=\"wpcf7-form-control-wrap\" data-name=\"synthese-formation\"><textarea cols=\"40\" rows=\"10\" maxlength=\"2000\" class=\"wpcf7-form-control wpcf7-textarea wpcf7-validates-as-required\" aria-required=\"true\" aria-invalid=\"false\" name=\"synthese-formation\"><\/textarea><\/span> <\/label>\n\t<\/p>\n<\/div>\n<div class=\"one-full\">\n\t<p><label> INformation regarding the organization's president.<br \/>\n<\/label>\n\t<\/p>\n<\/div>\n<div class=\"one-third\">\n\t<p><label> President's title (mandatory)<br \/>\n<span class=\"wpcf7-form-control-wrap\" data-name=\"pres-title\"><input size=\"40\" maxlength=\"400\" class=\"wpcf7-form-control wpcf7-text wpcf7-validates-as-required\" aria-required=\"true\" aria-invalid=\"false\" value=\"\" type=\"text\" name=\"pres-title\" \/><\/span><\/label>\n\t<\/p>\n<\/div>\n<div class=\"one-third\">\n\t<p><label> President's lastname (mandatory)<br \/>\n<span class=\"wpcf7-form-control-wrap\" data-name=\"pres-lastname\"><input size=\"40\" maxlength=\"400\" class=\"wpcf7-form-control wpcf7-text wpcf7-validates-as-required\" aria-required=\"true\" aria-invalid=\"false\" value=\"\" type=\"text\" name=\"pres-lastname\" \/><\/span> <\/label>\n\t<\/p>\n<\/div>\n<div class=\"one-third last\">\n\t<p><label> President's firstname (mandatory)<br \/>\n<span class=\"wpcf7-form-control-wrap\" data-name=\"pres-firstname\"><input size=\"40\" maxlength=\"400\" class=\"wpcf7-form-control wpcf7-text wpcf7-validates-as-required\" aria-required=\"true\" aria-invalid=\"false\" value=\"\" type=\"text\" name=\"pres-firstname\" \/><\/span> <\/label>\n\t<\/p>\n<\/div>\n<div class=\"one-half\">\n\t<p>[mailpoetsignup* mailpoetsignup-534 list:14 default:on]\n\t<\/p>\n<\/div>\n<div class=\"one-half last\">\n\t<p><input class=\"wpcf7-form-control wpcf7-submit has-spinner\" type=\"submit\" value=\"Join\" \/>\n\t<\/p>\n<\/div><div class=\"wpcf7-response-output\" aria-hidden=\"true\"><\/div>\n<\/form>\n<\/div>\n[\/et_pb_code][\/et_pb_column][et_pb_column type=&#8221;1_4&#8243; _builder_version=&#8221;4.16&#8243; global_colors_info=&#8221;{}&#8221;][et_pb_sidebar _builder_version=&#8221;4.16&#8243; global_colors_info=&#8221;{}&#8221;][\/et_pb_sidebar][\/et_pb_column][\/et_pb_row][\/et_pb_section]<\/p>\n","protected":false},"excerpt":{"rendered":"<p>International institution registration To proceed with your application, you need fill in two remaining steps : Fill the below form Wire the membership fee with following details : Account holder : F\u00e9d\u00e9ration europ\u00e9enne des enseignants en soins infirmier (FINE Europe) Bank identification : Cr\u00e9dit Lyonnais LCL Bank address : LCL, 19 rue des Francs Bourgeois [&hellip;]<\/p>\n","protected":false},"author":1,"featured_media":0,"parent":0,"menu_order":0,"comment_status":"closed","ping_status":"closed","template":"","meta":{"_et_pb_use_builder":"on","_et_pb_old_content":"","_et_gb_content_width":"","footnotes":""},"class_list":["post-2167","page","type-page","status-publish","hentry"],"_links":{"self":[{"href":"https:\/\/www.fine-europe.eu\/index.php?rest_route=\/wp\/v2\/pages\/2167","targetHints":{"allow":["GET"]}}],"collection":[{"href":"https:\/\/www.fine-europe.eu\/index.php?rest_route=\/wp\/v2\/pages"}],"about":[{"href":"https:\/\/www.fine-europe.eu\/index.php?rest_route=\/wp\/v2\/types\/page"}],"author":[{"embeddable":true,"href":"https:\/\/www.fine-europe.eu\/index.php?rest_route=\/wp\/v2\/users\/1"}],"replies":[{"embeddable":true,"href":"https:\/\/www.fine-europe.eu\/index.php?rest_route=%2Fwp%2Fv2%2Fcomments&post=2167"}],"version-history":[{"count":7,"href":"https:\/\/www.fine-europe.eu\/index.php?rest_route=\/wp\/v2\/pages\/2167\/revisions"}],"predecessor-version":[{"id":3540,"href":"https:\/\/www.fine-europe.eu\/index.php?rest_route=\/wp\/v2\/pages\/2167\/revisions\/3540"}],"wp:attachment":[{"href":"https:\/\/www.fine-europe.eu\/index.php?rest_route=%2Fwp%2Fv2%2Fmedia&parent=2167"}],"curies":[{"name":"wp","href":"https:\/\/api.w.org\/{rel}","templated":true}]}}