{"id":428,"date":"2019-11-03T14:16:57","date_gmt":"2019-11-03T14:16:57","guid":{"rendered":"http:\/\/fine-europe.eu\/?page_id=428"},"modified":"2025-01-06T14:59:48","modified_gmt":"2025-01-06T14:59:48","slug":"cecile-dury-presidente","status":"publish","type":"page","link":"https:\/\/www.fine-europe.eu\/?page_id=428","title":{"rendered":"C\u00e9cile Dury, Pr\u00e9sidente FINE Europe"},"content":{"rendered":"<p>[et_pb_section fb_built=&#8221;1&#8243; _builder_version=&#8221;4.16&#8243; global_colors_info=&#8221;{}&#8221;][et_pb_row column_structure=&#8221;2_5,3_5&#8243; _builder_version=&#8221;4.16&#8243; global_colors_info=&#8221;{}&#8221;][et_pb_column type=&#8221;2_5&#8243; _builder_version=&#8221;4.16&#8243; global_colors_info=&#8221;{}&#8221;][et_pb_image src=&#8221;http:\/\/fine-europe.eu\/wp-content\/uploads\/2020\/01\/C.Dury_-scaled-e1580070053259.jpg&#8221; align=&#8221;center&#8221; _builder_version=&#8221;4.16&#8243; global_colors_info=&#8221;{}&#8221;][\/et_pb_image][et_pb_text _builder_version=&#8221;4.16&#8243; global_colors_info=&#8221;{}&#8221;]<\/p>\n<p style=\"text-align: center;\"><strong>CECILE DURY<\/strong><\/p>\n<p style=\"text-align: center;\"><strong>PRESIDENTE FINE EUROPE<\/strong><\/p>\n<p>[\/et_pb_text][et_pb_image src=&#8221;https:\/\/www.fine-europe.eu\/wp-content\/uploads\/2020\/02\/1024px-Flag_of_Belgium.svg_.png&#8221; _builder_version=&#8221;4.16&#8243; width=&#8221;30%&#8221; module_alignment=&#8221;center&#8221; height=&#8221;80px&#8221; global_colors_info=&#8221;{}&#8221;][\/et_pb_image][\/et_pb_column][et_pb_column type=&#8221;3_5&#8243; _builder_version=&#8221;4.16&#8243; global_colors_info=&#8221;{}&#8221;][et_pb_text _builder_version=&#8221;4.27.2&#8243; hover_enabled=&#8221;0&#8243; global_colors_info=&#8221;{}&#8221; sticky_enabled=&#8221;0&#8243;]<\/p>\n<p>C\u00e9cile Dury est Infirmi\u00e8re, titulaire d\u2019un Master en Sant\u00e9 Publique de l\u2019universit\u00e9 Catholique de Louvain en Belgique francophone. Elle a suivi la formation doctorale de l\u2019European Academy of Nursing Science.<\/p>\n<p>Elle a exerc\u00e9 une pratique professionnelle dans des unit\u00e9s de soins intensifs, des services m\u00e9dicotechniques et a accompagn\u00e9 des \u00e9tudiants en formation clinique dans les unit\u00e9s de pneumologie, orthop\u00e9die, urgences et r\u00e9animation. Elle est devenue enseignante en 1997. Elle a occup\u00e9 les postes de coordinatrice de la sp\u00e9cialisation en Soins Intensifs et Aide M\u00e9dicale Urgente, de coordinatrice p\u00e9dagogique pour les sections soins infirmiers et sagefemme et est actuellement Directrice du domaine de la sant\u00e9 de la Haute-\u00c9cole de Namur-Li\u00e8ge-Luxembourg, en Belgique. Elle g\u00e8re \u00e9galement le centre de formation continue et de recherche en sant\u00e9. Ses comp\u00e9tences sont ax\u00e9es sur le d\u00e9veloppement des programmes de formation, la formation des enseignants et l\u2019accompagnement des \u00e9quipes au changement.<\/p>\n<p>Elle est membre de diff\u00e9rents conseils d\u2019administration d\u2019organisations en lien avec les projets de sant\u00e9, et engag\u00e9e dans FINE Belgique-Luxembourg et FINE Europe depuis 2005. En 2019 elle est \u00e9lue pr\u00e9sidente de FINE Europe et r\u00e9\u00e9lue en 2022. Elle a travaill\u00e9 en \u00e9troite collaboration avec les membres des comit\u00e9s ex\u00e9cutif et consultatif pour accroitre les membres et mettre en \u0153uvre le plan strat\u00e9gique. Au cours de ses mandats, elle a travaill\u00e9 \u00e0 la modernisation de la directive EU\/36\/2005 sur la reconnaissance mutuelle des qualifications professionnelles. Elle a \u0153uvr\u00e9 \u00e0 la cartographie et \u00e0 la r\u00e9vision des programmes de formation infirmiers en Europe. Elle a \u00e9t\u00e9 invit\u00e9e \u00e0 plusieurs conf\u00e9rences internationales sur la r\u00e9forme des soins infirmiers. Elle exerce un leadership politique pour le d\u00e9ploiement d\u2019une formation infirmi\u00e8re de qualit\u00e9 et le d\u00e9veloppement d\u2019un r\u00e9seau de partenaire repr\u00e9sentant la voix de la formation infirmi\u00e8re en Europe.<\/p>\n<p><strong><em>C\u00e9cile Dury<\/em><\/strong><\/p>\n<p>Directrice de la Cat\u00e9gorie Param\u00e9dicale<\/p>\n<p>Henallux<\/p>\n<p><em>+32 498 14 49 79<\/em><\/p>\n<p><em>cecile.dury@henallux.be<\/em><\/p>\n<p>[\/et_pb_text][\/et_pb_column][\/et_pb_row][\/et_pb_section]<\/p>\n","protected":false},"excerpt":{"rendered":"<p>CECILE DURY PRESIDENTE FINE EUROPEC\u00e9cile Dury est Infirmi\u00e8re, titulaire d\u2019un Master en Sant\u00e9 Publique de l\u2019universit\u00e9 Catholique de Louvain en Belgique francophone. Elle a suivi la formation doctorale de l\u2019European Academy of Nursing Science. Elle a exerc\u00e9 une pratique professionnelle dans des unit\u00e9s de soins intensifs, des services m\u00e9dicotechniques et a accompagn\u00e9 des \u00e9tudiants en [&hellip;]<\/p>\n","protected":false},"author":2,"featured_media":0,"parent":0,"menu_order":0,"comment_status":"closed","ping_status":"closed","template":"","meta":{"_et_pb_use_builder":"on","_et_pb_old_content":"","_et_gb_content_width":"","footnotes":""},"class_list":["post-428","page","type-page","status-publish","hentry"],"_links":{"self":[{"href":"https:\/\/www.fine-europe.eu\/index.php?rest_route=\/wp\/v2\/pages\/428","targetHints":{"allow":["GET"]}}],"collection":[{"href":"https:\/\/www.fine-europe.eu\/index.php?rest_route=\/wp\/v2\/pages"}],"about":[{"href":"https:\/\/www.fine-europe.eu\/index.php?rest_route=\/wp\/v2\/types\/page"}],"author":[{"embeddable":true,"href":"https:\/\/www.fine-europe.eu\/index.php?rest_route=\/wp\/v2\/users\/2"}],"replies":[{"embeddable":true,"href":"https:\/\/www.fine-europe.eu\/index.php?rest_route=%2Fwp%2Fv2%2Fcomments&post=428"}],"version-history":[{"count":8,"href":"https:\/\/www.fine-europe.eu\/index.php?rest_route=\/wp\/v2\/pages\/428\/revisions"}],"predecessor-version":[{"id":3943,"href":"https:\/\/www.fine-europe.eu\/index.php?rest_route=\/wp\/v2\/pages\/428\/revisions\/3943"}],"wp:attachment":[{"href":"https:\/\/www.fine-europe.eu\/index.php?rest_route=%2Fwp%2Fv2%2Fmedia&parent=428"}],"curies":[{"name":"wp","href":"https:\/\/api.w.org\/{rel}","templated":true}]}}