{"id":645,"date":"2019-11-20T20:51:27","date_gmt":"2019-11-20T20:51:27","guid":{"rendered":"http:\/\/fine-europe.eu\/?page_id=645"},"modified":"2024-10-08T12:50:21","modified_gmt":"2024-10-08T12:50:21","slug":"devenir-membre","status":"publish","type":"page","link":"https:\/\/www.fine-europe.eu\/?page_id=645","title":{"rendered":"Devenir membre"},"content":{"rendered":"<p>[et_pb_section fb_built=&#8221;1&#8243; specialty=&#8221;on&#8221; _builder_version=&#8221;4.16&#8243; custom_padding=&#8221;|0px||||&#8221; global_colors_info=&#8221;{}&#8221;][et_pb_column type=&#8221;3_4&#8243; specialty_columns=&#8221;3&#8243; _builder_version=&#8221;4.16&#8243; custom_padding=&#8221;|||&#8221; global_colors_info=&#8221;{}&#8221; custom_padding__hover=&#8221;|||&#8221;][et_pb_row_inner _builder_version=&#8221;4.16&#8243; global_colors_info=&#8221;{}&#8221;][et_pb_column_inner saved_specialty_column_type=&#8221;3_4&#8243; _builder_version=&#8221;4.16&#8243; global_colors_info=&#8221;{}&#8221;][et_pb_text _builder_version=&#8221;4.16&#8243; global_colors_info=&#8221;{}&#8221;]<\/p>\n<h1 style=\"text-align: left;\"><strong>Pourquoi devenir membre ?<\/strong><\/h1>\n<h2><span>Adh\u00e9rer \u00e0 FINE vous permet<\/span><\/h2>\n<table style=\"width: 100%; border: 0px;\">\n<tbody>\n<tr>\n<td style=\"width: 80px;\"><img decoding=\"async\" src=\"wp-content\/uploads\/2020\/02\/network.png\" width=\"60px\" style=\"max-width: 60px;\" valign=\"middle\" \/><\/td>\n<td style=\"width: auto;\"><strong>\u00c9largir vos r\u00e9seaux professionnels et acad\u00e9miques dans le domaine de la formation infirmi\u00e8re<\/strong><\/td>\n<\/tr>\n<tr>\n<td style=\"width: 80px;\"><img decoding=\"async\" src=\"wp-content\/uploads\/2020\/02\/leadership.png\" width=\"60px\" valign=\"middle\" \/><\/td>\n<td style=\"width: auto;\"><strong>Renforcer le leadership dans la formation infirmi\u00e8re et la pratique<\/strong><\/td>\n<\/tr>\n<tr>\n<td style=\"width: 80px;\"><img decoding=\"async\" src=\"wp-content\/uploads\/2020\/02\/knowledge_transfer.png\" width=\"60px\" valign=\"middle\" \/><\/td>\n<td style=\"width: auto;\"><strong>Participer au transfert de connaissances dans le domaine de la formation infirmi\u00e8re<\/strong><\/td>\n<\/tr>\n<tr>\n<td style=\"width: 80px;\"><img decoding=\"async\" src=\"wp-content\/uploads\/2020\/02\/lobbying.png\" width=\"60px\" valign=\"middle\" \/><\/td>\n<td style=\"width: auto;\"><strong>Fournir des donn\u00e9es d&#8217;experts et des conseils politiques pour faire progresser la\u00a0formation infirmi\u00e8re\u00a0dans l&#8217;UE et au niveau international<\/strong><\/td>\n<\/tr>\n<tr>\n<td style=\"width: 80px;\"><img decoding=\"async\" src=\"https:\/\/www.fine-europe.eu\/wp-content\/uploads\/2020\/02\/position.png\" width=\"60px\" valign=\"middle\" style=\"font-size: 14px; background-color: #ffffff;\" \/><\/td>\n<td style=\"width: auto;\"><strong>Contribuer au d\u00e9veloppement, \u00e0 l&#8217;am\u00e9lioration et \u00e0 l&#8217;utilisation des prises de position de FINE pour soutenir la formation en soins infirmiers<\/strong><\/td>\n<\/tr>\n<tr>\n<td style=\"width: 80px;\"><img decoding=\"async\" src=\"https:\/\/www.fine-europe.eu\/wp-content\/uploads\/2020\/02\/support.png\" width=\"60px\" valign=\"middle\" style=\"font-size: 14px; background-color: #ffffff;\" \/><\/td>\n<td style=\"width: auto;\"><strong>Soutenir vos projets, \u00e0 l\u2019\u00e9chelle de votre institution, nationale et internationale<\/strong><\/td>\n<\/tr>\n<tr>\n<td style=\"width: 80px;\"><img decoding=\"async\" src=\"https:\/\/www.fine-europe.eu\/wp-content\/uploads\/2020\/02\/contribution.png\" width=\"60px\" valign=\"middle\" style=\"font-size: 14px; background-color: #ffffff;\" \/><\/td>\n<td style=\"width: auto;\"><strong>Participer \u00e0 divers projets : recherche, mobilit\u00e9, innovation, etc.<\/strong><\/td>\n<\/tr>\n<tr>\n<td style=\"width: 80px;\"><\/td>\n<td style=\"width: auto;\"><\/td>\n<\/tr>\n<\/tbody>\n<\/table>\n<p>&nbsp;<\/p>\n<p>[\/et_pb_text][\/et_pb_column_inner][\/et_pb_row_inner][et_pb_row_inner _builder_version=&#8221;4.16&#8243; global_colors_info=&#8221;{}&#8221;][et_pb_column_inner saved_specialty_column_type=&#8221;3_4&#8243; _builder_version=&#8221;4.16&#8243; global_colors_info=&#8221;{}&#8221;][et_pb_text _builder_version=&#8221;4.16&#8243; global_colors_info=&#8221;{}&#8221;]<\/p>\n<h1><strong>Nos membres actuels<\/strong><\/h1>\n<p><span>L\u2019association regroupe des membres venant de diff\u00e9rents pays dans et en dehors de l&#8217;Europe.<\/span><\/p>\n<p>[\/et_pb_text][et_pb_image src=&#8221;https:\/\/www.fine-europe.eu\/wp-content\/uploads\/2020\/02\/fineeu_members.png&#8221; _builder_version=&#8221;4.16&#8243; global_colors_info=&#8221;{}&#8221;][\/et_pb_image][et_pb_text _builder_version=&#8221;4.16&#8243; global_colors_info=&#8221;{}&#8221;]<\/p>\n<h1><strong>Les cat\u00e9gories de membres<\/strong><\/h1>\n<p><span>L\u2019association comprend des associations, des institutions ou des individus qui exercent dans le champ de la formation infirmi\u00e8re.<\/span><\/p>\n<p><span>La structure des cotisations comporte donc quatre cat\u00e9gories de membres<\/span><\/p>\n<p>[\/et_pb_text][\/et_pb_column_inner][\/et_pb_row_inner][et_pb_row_inner column_structure=&#8221;1_2,1_2&#8243; _builder_version=&#8221;4.16&#8243; global_colors_info=&#8221;{}&#8221;][et_pb_column_inner type=&#8221;1_2&#8243; saved_specialty_column_type=&#8221;3_4&#8243; _builder_version=&#8221;4.16&#8243; global_colors_info=&#8221;{}&#8221;][et_pb_text _builder_version=&#8221;4.16&#8243; min_height=&#8221;350px&#8221; custom_margin=&#8221;||3px||false|false&#8221; custom_padding=&#8221;15px|15px|15px|15px|false|false&#8221; custom_css_main_element=&#8221;background-color:#DDDDDD;&#8221; global_colors_info=&#8221;{}&#8221;]<\/p>\n<h2><strong>Membre individuel<\/strong><\/h2>\n<p>L\u2019adh\u00e9sion individuelle est ouverte \u00e0 toute personne impliqu\u00e9e dans la formation infirmi\u00e8re<\/p>\n<p><strong>Montant de la cotisation :<\/strong> 50 \u20ac \/an<\/p>\n<p><strong>B\u00e9n\u00e9fices :\u00a0<\/strong><\/p>\n<ul>\n<li>tarifs pr\u00e9f\u00e9rentiels lors de nos conf\u00e9rences, Workgroups, \u2026<\/li>\n<li>pr\u00e9sence\u00a0aux assembl\u00e9es g\u00e9n\u00e9rales de l\u2019association.<\/li>\n<\/ul>\n<p>[\/et_pb_text][et_pb_button button_url=&#8221;https:\/\/app.clubcollect.com\/signup\/8fdc5b02-f4c8-40b7-a5cd-72420727fce3&#8243; button_text=&#8221;Adh\u00e9rer&#8221; button_alignment=&#8221;center&#8221; _builder_version=&#8221;4.27.2&#8243; custom_button=&#8221;on&#8221; button_text_size=&#8221;22px&#8221; button_text_color=&#8221;#FFFFFF&#8221; button_bg_color=&#8221;#E02B20&#8243; button_border_color=&#8221;rgba(0,0,0,0)&#8221; custom_margin=&#8221;|0px||0px|false|false&#8221; hover_enabled=&#8221;0&#8243; custom_css_main_element=&#8221;width:100%&#8221; global_colors_info=&#8221;{}&#8221; sticky_enabled=&#8221;0&#8243;][\/et_pb_button][\/et_pb_column_inner][et_pb_column_inner type=&#8221;1_2&#8243; saved_specialty_column_type=&#8221;3_4&#8243; _builder_version=&#8221;4.16&#8243; global_colors_info=&#8221;{}&#8221;][et_pb_text _builder_version=&#8221;4.16&#8243; min_height=&#8221;350px&#8221; custom_margin=&#8221;||3px||false|false&#8221; custom_padding=&#8221;15px|15px|15px|15px|false|false&#8221; custom_css_main_element=&#8221;background-color:#DDDDDD;&#8221; global_colors_info=&#8221;{}&#8221;]<\/p>\n<h2><strong>Membre institutionnel\u00a0<\/strong><\/h2>\n<p>L\u2019adh\u00e9sion en qualit\u00e9 de membre institutionnel est ouverte \u00e0 des institutions et groupes professionnels, implant\u00e9s dans la r\u00e9gion OMS Europe, dont l\u2019objet est li\u00e9 \u00e0 la formation infirmi\u00e8re.<\/p>\n<p><span><strong>Montant de la cotisation :<\/strong>\u00a0750 \u20ac \/an<\/span><\/p>\n<p><strong>B\u00e9n\u00e9fices :\u00a0<\/strong><\/p>\n<ul>\n<li><span>tarifs pr\u00e9f\u00e9rentiels lors de nos conf\u00e9rences, Workgroups, \u2026<\/span><\/li>\n<li><span>pr\u00e9sence\u00a0aux assembl\u00e9es g\u00e9n\u00e9rales de l\u2019association.<\/span><\/li>\n<li><span><span style=\"text-decoration: underline;\"><strong>1 voix<\/strong><\/span> lors des votes en assembl\u00e9e g\u00e9n\u00e9rale<\/span><\/li>\n<\/ul>\n<p>[\/et_pb_text][et_pb_button button_url=&#8221;https:\/\/app.clubcollect.com\/signup\/4fb77295-5b40-45cc-bddc-28743be94fc6&#8243; button_text=&#8221;Adh\u00e9rer&#8221; button_alignment=&#8221;center&#8221; _builder_version=&#8221;4.27.2&#8243; custom_button=&#8221;on&#8221; button_text_size=&#8221;22px&#8221; button_text_color=&#8221;#FFFFFF&#8221; button_bg_color=&#8221;#E02B20&#8243; button_border_color=&#8221;rgba(0,0,0,0)&#8221; custom_margin=&#8221;|0px||0px|false|false&#8221; hover_enabled=&#8221;0&#8243; custom_css_main_element=&#8221;width:100%&#8221; global_colors_info=&#8221;{}&#8221; sticky_enabled=&#8221;0&#8243;][\/et_pb_button][\/et_pb_column_inner][\/et_pb_row_inner][et_pb_row_inner column_structure=&#8221;1_2,1_2&#8243; _builder_version=&#8221;4.16&#8243; global_colors_info=&#8221;{}&#8221;][et_pb_column_inner type=&#8221;1_2&#8243; saved_specialty_column_type=&#8221;3_4&#8243; _builder_version=&#8221;4.16&#8243; global_colors_info=&#8221;{}&#8221;][et_pb_text _builder_version=&#8221;4.16&#8243; min_height=&#8221;405px&#8221; custom_margin=&#8221;||3px||false|false&#8221; custom_padding=&#8221;15px|15px|15px|15px|false|false&#8221; custom_css_main_element=&#8221;background-color:#DDDDDD;&#8221; global_colors_info=&#8221;{}&#8221;]<\/p>\n<h2><strong>Organisation professionnelle nationale\u00a0<\/strong><\/h2>\n<p><span>L\u2019adh\u00e9sion en qualit\u00e9 d\u2019organisation professionnelle nationale est ouverte aux organisations professionnelles infirmi\u00e8res nationales dont les activit\u00e9s sont la formation.<\/span><\/p>\n<p><span><strong>Montant de la cotisation :<\/strong>\u00a01500 \u20ac \/an<\/span><\/p>\n<p><strong>B\u00e9n\u00e9fices :\u00a0<\/strong><\/p>\n<ul>\n<li><span>tarifs pr\u00e9f\u00e9rentiels lors de nos conf\u00e9rences, Workgroups, \u2026<\/span><\/li>\n<li><span>pr\u00e9sence\u00a0aux assembl\u00e9es g\u00e9n\u00e9rales de l\u2019association.<\/span><\/li>\n<li><span><strong>2 voix<\/strong> lors des votes en assembl\u00e9e g\u00e9n\u00e9rale.<\/span><\/li>\n<\/ul>\n<p>[\/et_pb_text][et_pb_button button_url=&#8221; https:\/\/app.clubcollect.com\/signup\/c13a3dac-8933-4b1e-8897-03e24732bc3b&#8221; button_text=&#8221;Adh\u00e9rer&#8221; button_alignment=&#8221;center&#8221; _builder_version=&#8221;4.27.2&#8243; custom_button=&#8221;on&#8221; button_text_size=&#8221;22px&#8221; button_text_color=&#8221;#FFFFFF&#8221; button_bg_color=&#8221;#E02B20&#8243; button_border_color=&#8221;rgba(0,0,0,0)&#8221; custom_margin=&#8221;|0px||0px|false|false&#8221; hover_enabled=&#8221;0&#8243; custom_css_main_element=&#8221;width:100%&#8221; global_colors_info=&#8221;{}&#8221; sticky_enabled=&#8221;0&#8243;][\/et_pb_button][\/et_pb_column_inner][et_pb_column_inner type=&#8221;1_2&#8243; saved_specialty_column_type=&#8221;3_4&#8243; _builder_version=&#8221;4.16&#8243; global_colors_info=&#8221;{}&#8221;][et_pb_text _builder_version=&#8221;4.16&#8243; min_height=&#8221;405px&#8221; custom_margin=&#8221;||3px||false|false&#8221; custom_padding=&#8221;15px|15px|15px|15px|false|false&#8221; custom_css_main_element=&#8221;background-color:#DDDDDD;&#8221; global_colors_info=&#8221;{}&#8221;]<\/p>\n<h2><strong>Membre institutionnel international\u00a0<\/strong><\/h2>\n<p>L\u2019adh\u00e9sion en qualit\u00e9 de membre institutionnel international est ouverte \u00e0 des institutions et groupes professionnels, implant\u00e9s en dehors de la r\u00e9gion OMS Europe, dont l\u2019objet est li\u00e9 \u00e0 la formation infirmi\u00e8re.<\/p>\n<p><span><strong>Montant de la cotisation :<\/strong>\u00a0400 \u20ac \/an<\/span><\/p>\n<p><strong>B\u00e9n\u00e9fices :\u00a0<\/strong><\/p>\n<ul>\n<li><span>tarifs pr\u00e9f\u00e9rentiels lors de nos conf\u00e9rences, Workgroups, \u2026<\/span><\/li>\n<li><span>pr\u00e9sence\u00a0aux assembl\u00e9es g\u00e9n\u00e9rales de l\u2019association.<\/span><\/li>\n<\/ul>\n<ul><\/ul>\n<p>[\/et_pb_text][et_pb_button button_url=&#8221;https:\/\/app.clubcollect.com\/signup\/1d8c86bf-1b33-4ea1-a463-02e892d066d3&#8243; button_text=&#8221;Adh\u00e9rer&#8221; button_alignment=&#8221;center&#8221; _builder_version=&#8221;4.27.2&#8243; custom_button=&#8221;on&#8221; button_text_size=&#8221;22px&#8221; button_text_color=&#8221;#FFFFFF&#8221; button_bg_color=&#8221;#E02B20&#8243; button_border_color=&#8221;rgba(0,0,0,0)&#8221; custom_margin=&#8221;|0px||0px|false|false&#8221; hover_enabled=&#8221;0&#8243; custom_css_main_element=&#8221;width:100%&#8221; global_colors_info=&#8221;{}&#8221; sticky_enabled=&#8221;0&#8243;][\/et_pb_button][\/et_pb_column_inner][\/et_pb_row_inner][\/et_pb_column][et_pb_column type=&#8221;1_4&#8243; _builder_version=&#8221;4.16&#8243; custom_padding=&#8221;|||&#8221; global_colors_info=&#8221;{}&#8221; custom_padding__hover=&#8221;|||&#8221;][et_pb_sidebar _builder_version=&#8221;4.16&#8243; global_colors_info=&#8221;{}&#8221;][\/et_pb_sidebar][\/et_pb_column][\/et_pb_section]<\/p>\n","protected":false},"excerpt":{"rendered":"<p>Pourquoi devenir membre ? Adh\u00e9rer \u00e0 FINE vous permet \u00c9largir vos r\u00e9seaux professionnels et acad\u00e9miques dans le domaine de la formation infirmi\u00e8re Renforcer le leadership dans la formation infirmi\u00e8re et la pratique Participer au transfert de connaissances dans le domaine de la formation infirmi\u00e8re Fournir des donn\u00e9es d&#8217;experts et des conseils politiques pour faire progresser [&hellip;]<\/p>\n","protected":false},"author":2,"featured_media":0,"parent":0,"menu_order":0,"comment_status":"closed","ping_status":"closed","template":"","meta":{"_et_pb_use_builder":"on","_et_pb_old_content":"","_et_gb_content_width":"","footnotes":""},"class_list":["post-645","page","type-page","status-publish","hentry"],"_links":{"self":[{"href":"https:\/\/www.fine-europe.eu\/index.php?rest_route=\/wp\/v2\/pages\/645","targetHints":{"allow":["GET"]}}],"collection":[{"href":"https:\/\/www.fine-europe.eu\/index.php?rest_route=\/wp\/v2\/pages"}],"about":[{"href":"https:\/\/www.fine-europe.eu\/index.php?rest_route=\/wp\/v2\/types\/page"}],"author":[{"embeddable":true,"href":"https:\/\/www.fine-europe.eu\/index.php?rest_route=\/wp\/v2\/users\/2"}],"replies":[{"embeddable":true,"href":"https:\/\/www.fine-europe.eu\/index.php?rest_route=%2Fwp%2Fv2%2Fcomments&post=645"}],"version-history":[{"count":29,"href":"https:\/\/www.fine-europe.eu\/index.php?rest_route=\/wp\/v2\/pages\/645\/revisions"}],"predecessor-version":[{"id":3835,"href":"https:\/\/www.fine-europe.eu\/index.php?rest_route=\/wp\/v2\/pages\/645\/revisions\/3835"}],"wp:attachment":[{"href":"https:\/\/www.fine-europe.eu\/index.php?rest_route=%2Fwp%2Fv2%2Fmedia&parent=645"}],"curies":[{"name":"wp","href":"https:\/\/api.w.org\/{rel}","templated":true}]}}