{"id":719,"date":"2020-01-26T20:43:39","date_gmt":"2020-01-26T20:43:39","guid":{"rendered":"http:\/\/fine-europe.eu\/?page_id=719"},"modified":"2025-05-12T20:06:54","modified_gmt":"2025-05-12T20:06:54","slug":"plan-strategique","status":"publish","type":"page","link":"https:\/\/www.fine-europe.eu\/?page_id=719","title":{"rendered":"Plan strat\u00e9gique"},"content":{"rendered":"<p>[et_pb_section fb_built=&#8221;1&#8243; _builder_version=&#8221;4.16&#8243; global_colors_info=&#8221;{}&#8221;][et_pb_row column_structure=&#8221;3_4,1_4&#8243; _builder_version=&#8221;4.16&#8243; global_colors_info=&#8221;{}&#8221;][et_pb_column type=&#8221;3_4&#8243; _builder_version=&#8221;4.16&#8243; global_colors_info=&#8221;{}&#8221;][et_pb_image src=&#8221;http:\/\/fine-europe.eu\/wp-content\/uploads\/2020\/01\/iStock-685797180-scaled.jpg&#8221; _builder_version=&#8221;4.16&#8243; global_colors_info=&#8221;{}&#8221;][\/et_pb_image][et_pb_button button_text=&#8221;Support PDF&#8221; _builder_version=&#8221;4.27.4&#8243; _module_preset=&#8221;default&#8221; button_url=&#8221;https:\/\/www.fine-europe.eu\/wp-content\/uploads\/2025\/05\/FINE-Strategic-Plan-for-Nursing-Education-in-Europe-Olivier-Version.pdf.pdf&#8221; url_new_window=&#8221;on&#8221; hover_enabled=&#8221;0&#8243; sticky_enabled=&#8221;0&#8243; button_alignment=&#8221;center&#8221;][\/et_pb_button][et_pb_text _builder_version=&#8221;4.27.4&#8243; global_colors_info=&#8221;{}&#8221;]<\/p>\n<h3><span>Plan strat\u00e9gique de FINE pour l\u2019enseignement infirmier en Europe (2025\u20132035)<\/span><\/h3>\n<p>Fond\u00e9e en 1995, la F\u00e9d\u00e9ration europ\u00e9enne des formateurs en sciences infirmi\u00e8res (FINE) se consacre \u00e0 l\u2019avancement de l\u2019enseignement infirmier \u00e0 travers l\u2019Europe. FINE offre une plateforme permettant aux formateurs d\u2019\u00e9changer des connaissances, de partager les meilleures pratiques et de collaborer sur les innovations en sciences infirmi\u00e8res. En collectant des donn\u00e9es et en favorisant le dialogue, FINE soutient l\u2019\u00e9laboration de politiques fond\u00e9es sur des preuves au sein de l\u2019UE et promeut l\u2019int\u00e9gration de l\u2019enseignement infirmier dans les syst\u00e8mes d\u2019enseignement sup\u00e9rieur. Engag\u00e9e pour l\u2019excellence, FINE \u0153uvre \u00e0 renforcer la qualit\u00e9 et l\u2019impact de l\u2019enseignement infirmier en Europe.<\/p>\n<p>Ce plan strat\u00e9gique r\u00e9affirme le r\u00f4le de leader de FINE dans l\u2019enseignement infirmier en Europe, en veillant \u00e0 ce que celui-ci reste de haute qualit\u00e9, harmonis\u00e9, adaptable, et donc pr\u00eat pour l\u2019avenir. En renfor\u00e7ant la formation des formateurs, la capacit\u00e9 de recherche, l\u2019enseignement clinique et la collaboration internationale, FINE consolide la capacit\u00e9 des infirmiers \u00e0 r\u00e9pondre aux besoins de sant\u00e9 en constante \u00e9volution des populations.<\/p>\n<p><strong>Le Plan strat\u00e9gique de FINE pour l\u2019enseignement infirmier en Europe (2025\u20132035) comprend :<\/strong><\/p>\n<ol>\n<li><strong>Promouvoir l\u2019excellence dans l\u2019enseignement infirmier<\/strong><\/li>\n<\/ol>\n<p style=\"padding-left: 40px;\">FINE s\u2019engage \u00e0 garantir un enseignement infirmier de qualit\u00e9, fond\u00e9 sur des preuves et tourn\u00e9 vers l\u2019avenir, en :<\/p>\n<ul>\n<li style=\"list-style-type: none;\">\n<ul>\n<li>Renfor\u00e7ant la pr\u00e9paration des formateurs en soins infirmiers, en soutenant leur d\u00e9veloppement p\u00e9dagogique et en promouvant la formation continue.<\/li>\n<li>Alignant l\u2019enseignement infirmier sur le Cadre europ\u00e9en des certifications (CEC) et le processus de Bologne, pour assurer une continuit\u00e9 structur\u00e9e de la licence au doctorat.<\/li>\n<li>Promouvant des m\u00e9thodes p\u00e9dagogiques ax\u00e9es sur les comp\u00e9tences et enrichies par la technologie, telles que la simulation, la r\u00e9alit\u00e9 virtuelle et augment\u00e9e, les plateformes d\u2019apprentissage num\u00e9riques et les outils \u00e9ducatifs bas\u00e9s sur l\u2019IA.<\/li>\n<\/ul>\n<\/li>\n<\/ul>\n<ol start=\"2\">\n<li><b><span>Renforcer le statut des sciences infirmi\u00e8res dans l\u2019enseignement sup\u00e9rieur europ\u00e9en<\/span><\/b><\/li>\n<\/ol>\n<p style=\"padding-left: 40px;\">Afin de consolider l\u2019enseignement infirmier comme composante essentielle des universit\u00e9s europ\u00e9ennes, FINE vise \u00e0 :<\/p>\n<ul>\n<li style=\"list-style-type: none;\">\n<ul>\n<li>Harmoniser les programmes d\u2019enseignement infirmier en Europe, pour assurer la mobilit\u00e9, la reconnaissance \u00e9quitable et des standards de qualit\u00e9 coh\u00e9rents.<\/li>\n<li>Promouvoir un cadre standardis\u00e9 pour les r\u00f4les infirmiers sp\u00e9cialis\u00e9s et avanc\u00e9s (CEC niveau 7 et au-del\u00e0), afin d\u2019\u00e9tablir des parcours professionnels clairs.<\/li>\n<li>D\u00e9fendre les sciences infirmi\u00e8res comme discipline scientifique autonome, reposant sur la recherche et la pratique fond\u00e9e sur des preuves.<\/li>\n<li>Soutenir l\u2019enseignement doctoral (CEC 8) en sciences infirmi\u00e8res, pour renforcer la capacit\u00e9 de recherche et l\u2019excellence acad\u00e9mique.<\/li>\n<li>Veiller \u00e0 ce que les programmes soient r\u00e9actifs aux d\u00e9fis actuels de la sant\u00e9, notamment les crises de sant\u00e9 publique, les impacts climatiques et la transformation num\u00e9rique.<\/li>\n<\/ul>\n<\/li>\n<\/ul>\n<ol start=\"3\">\n<li><b><span>Valoriser la profession infirmi\u00e8re et accro\u00eetre sa visibilit\u00e9 en Europe<\/span><\/b><\/li>\n<\/ol>\n<p style=\"padding-left: 40px;\">FINE \u0153uvre \u00e0 promouvoir l\u2019enseignement et la pratique infirmiers comme piliers essentiels des syst\u00e8mes de sant\u00e9 en :<\/p>\n<ul>\n<li style=\"list-style-type: none;\">\n<ul>\n<li>D\u00e9fendant un consensus europ\u00e9en sur la valeur ajout\u00e9e des infirmiers, pour une reconnaissance \u00e9quitable et une int\u00e9gration dans les politiques de sant\u00e9.<\/li>\n<li>Promouvant la reconnaissance acad\u00e9mique, professionnelle et sociale de la profession infirmi\u00e8re comme \u00e9l\u00e9ment fondamental du syst\u00e8me de sant\u00e9 europ\u00e9en.<\/li>\n<li>Autonomisant les formateurs en soins infirmiers et renfor\u00e7ant les carri\u00e8res acad\u00e9miques, en assurant des opportunit\u00e9s structur\u00e9es d\u2019\u00e9volution, de leadership et d\u2019engagement dans la recherche.<\/li>\n<li>Reconnaissant la compl\u00e9mentarit\u00e9 entre les formateurs et les professionnels de sant\u00e9, en renfor\u00e7ant la collaboration entre le monde acad\u00e9mique et la pratique clinique.<\/li>\n<li>Soutenant des campagnes de sensibilisation pour am\u00e9liorer l\u2019image de la profession et attirer de nouveaux talents.<\/li>\n<\/ul>\n<\/li>\n<\/ul>\n<ol start=\"4\">\n<li><strong><span>Repr\u00e9senter les int\u00e9r\u00eats des \u00e9tudiants et formateurs en soins infirmiers<\/span><\/strong><\/li>\n<\/ol>\n<p style=\"padding-left: 40px;\"><span>FINE veille \u00e0 ce que la voix des \u00e9tudiants et formateurs fa\u00e7onne l\u2019avenir de l\u2019enseignement infirmier, en :<\/span><\/p>\n<ul>\n<li style=\"list-style-type: none;\">\n<ul>\n<li>Facilitant le dialogue, les \u00e9changes et la collaboration entre \u00e9tudiants, formateurs et institutions \u00e0 travers l\u2019Europe.<\/li>\n<li>Travaillant avec les organisations \u00e9tudiantes et les instances professionnelles pour promouvoir l\u2019inclusivit\u00e9, l\u2019\u00e9quit\u00e9 et l\u2019\u00e9coute des aspirations \u00e9tudiantes.<\/li>\n<li>D\u00e9fendant de meilleures conditions de travail, des parcours professionnels clairs et le d\u00e9veloppement des formateurs en soins infirmiers, pour garantir la durabilit\u00e9 du secteur \u00e9ducatif.<\/li>\n<\/ul>\n<\/li>\n<\/ul>\n<ol start=\"5\">\n<li><strong><span>Influencer les politiques de formation et la coop\u00e9ration internationale<\/span><\/strong><\/li>\n<\/ol>\n<p style=\"padding-left: 40px;\"><span>FINE participe activement \u00e0 l\u2019\u00e9laboration des politiques et \u00e0 la coop\u00e9ration internationale en mati\u00e8re de formation, en :<\/span><\/p>\n<ul>\n<li style=\"list-style-type: none;\">\n<ul>\n<li>Collaborant avec les institutions europ\u00e9ennes, les organismes professionnels et d\u2019autres organisations internationales pour influencer les politiques li\u00e9es aux comp\u00e9tences et qualifications infirmi\u00e8res.<\/li>\n<li>Soutenant les initiatives nationales \u00e0 la demande de ses membres en collaboration avec les minist\u00e8res de la sant\u00e9 et de l\u2019enseignement sup\u00e9rieur.<\/li>\n<li>Encourageant la mobilit\u00e9 transfrontali\u00e8re via des programmes conjoints, des \u00e9changes de formateurs et des projets de recherche internationaux.<\/li>\n<li>Renfor\u00e7ant les partenariats avec les organisations internationales infirmi\u00e8res pour aligner la formation sur les meilleures pratiques mondiales.<\/li>\n<li>Veillant \u00e0 l\u2019alignement de la formation infirmi\u00e8re europ\u00e9enne avec les cadres d\u2019accr\u00e9ditation mondiaux, pour une reconnaissance internationale des dipl\u00f4mes europ\u00e9ens.<\/li>\n<\/ul>\n<\/li>\n<\/ul>\n<ol start=\"6\">\n<li><strong><span>Favoriser le leadership et la recherche en enseignement infirmier<\/span><\/strong><\/li>\n<\/ol>\n<p style=\"padding-left: 40px;\"><span>Pour renforcer la formation, la recherche et le leadership infirmiers, FINE s\u2019engage \u00e0 :<\/span><\/p>\n<ul>\n<li style=\"list-style-type: none;\">\n<ul>\n<li>Impliquer son conseil, ses comit\u00e9s et ses membres dans la recherche, les discussions politiques et les formations au leadership.<\/li>\n<li>Encourager la participation \u00e0 des projets transnationaux et au d\u00e9veloppement d\u2019initiatives \u00e9ducatives et de recherche conjointes.<\/li>\n<li>S\u2019assurer que les financements externes pour ses projets sont obtenus via des processus transparents et \u00e9thiques, pour garantir une recherche impartiale.<\/li>\n<\/ul>\n<\/li>\n<\/ul>\n<ol start=\"7\">\n<li><strong><span>Renforcer la formation clinique et la pr\u00e9paration \u00e0 la pratique<\/span><\/strong><\/li>\n<\/ol>\n<p style=\"padding-left: 40px;\"><span>Pour am\u00e9liorer la qualit\u00e9 de la formation clinique et pr\u00e9parer les infirmiers \u00e0 la pratique, FINE :<\/span><\/p>\n<ul>\n<li style=\"list-style-type: none;\">\n<ul>\n<li>Favorise l\u2019int\u00e9gration de l\u2019apprentissage par simulation et des innovations technologiques pour compl\u00e9ter les stages cliniques et faire face aux p\u00e9nuries de sites de formation.<\/li>\n<li>\u00c9tablit des standards europ\u00e9ens pour la formation clinique, assurant un encadrement de qualit\u00e9 fond\u00e9 sur les comp\u00e9tences. Soutient des parcours d\u2019apprentissage flexibles pour \u00e9largir l\u2019acc\u00e8s \u00e0 la formation infirmi\u00e8re.<\/li>\n<li>Encourage la formation clinique interprofessionnelle pour renforcer la collaboration entre professionnels de sant\u00e9 et am\u00e9liorer les r\u00e9sultats pour les patients.<\/li>\n<\/ul>\n<\/li>\n<\/ul>\n<ol start=\"8\">\n<li><strong><span>Aligner l\u2019enseignement infirmier sur les priorit\u00e9s mondiales de sant\u00e9<\/span><\/strong><\/li>\n<\/ol>\n<p style=\"padding-left: 40px;\"><span>FINE veille \u00e0 ce que l\u2019enseignement infirmier r\u00e9ponde aux d\u00e9fis de sant\u00e9 publique et globaux en :<\/span><\/p>\n<ul>\n<li style=\"list-style-type: none;\">\n<ul>\n<li>Luttant contre les in\u00e9galit\u00e9s de sant\u00e9 et les d\u00e9terminants sociaux, en pr\u00e9parant les \u00e9tudiants \u00e0 intervenir dans des communaut\u00e9s diverses et d\u00e9favoris\u00e9es.<\/li>\n<li>Renfor\u00e7ant la transition vers des mod\u00e8les de soins pr\u00e9ventifs et int\u00e9gr\u00e9s.<\/li>\n<li>Int\u00e9grant les enjeux de sant\u00e9 mondiale pour former des infirmiers capables de r\u00e9pondre aux pand\u00e9mies, crises humanitaires et impacts sanitaires du changement climatique.<\/li>\n<\/ul>\n<\/li>\n<\/ul>\n<h3><strong>Conclusion<\/strong><\/h3>\n<p>En tant que porte-voix de l\u2019enseignement infirmier en Europe, FINE s\u2019engage \u00e0 impulser des changements politiques, \u00e0 renforcer les sciences infirmi\u00e8res et \u00e0 garantir la p\u00e9rennit\u00e9 de la profession. \u00c0 travers ce plan strat\u00e9gique, FINE r\u00e9affirme son r\u00f4le de leader dans l\u2019harmonisation de la formation, la promotion de la recherche et l\u2019innovation, et la reconnaissance de la profession comme discipline scientifique et professionnelle essentielle.<\/p>\n<p>\u00c0 l\u2019horizon 2035 et au-del\u00e0, FINE s\u2019engage \u00e0 :<\/p>\n<ul>\n<li>Renforcer son influence sur les politiques \u00e9ducatives europ\u00e9ennes et internationales en mati\u00e8re de soins infirmiers, en alignant les comp\u00e9tences et les formations sur les besoins en sant\u00e9 en constante \u00e9volution.<\/li>\n<li>Soutenir le d\u00e9veloppement acad\u00e9mique et professionnel des formateurs infirmiers, pour leur permettre de guider la prochaine g\u00e9n\u00e9ration d\u2019infirmiers.<\/li>\n<li>Favoriser la collaboration internationale en r\u00e9unissant formateurs, d\u00e9cideurs et chercheurs \u00e0 travers l\u2019Europe et au-del\u00e0.<\/li>\n<li>Pr\u00e9parer la formation infirmi\u00e8re au futur en y int\u00e9grant les innovations num\u00e9riques, les principes de durabilit\u00e9 et l\u2019interprofessionnalit\u00e9.<\/li>\n<li>Promouvoir la contribution essentielle des soins infirmiers dans les syst\u00e8mes de sant\u00e9 et les politiques publiques, en positionnant les infirmiers comme acteurs cl\u00e9s de la prise de d\u00e9cision \u00e0 tous les niveaux.<\/li>\n<\/ul>\n<p>En poursuivant ses partenariats avec les institutions europ\u00e9ennes, les gouvernements nationaux et les acteurs internationaux, FINE jouera un r\u00f4le central dans l\u2019avenir de l\u2019enseignement infirmier, le d\u00e9veloppement des sciences infirmi\u00e8res et le renforcement de la profession en Europe et dans le monde.[\/et_pb_text][\/et_pb_column][et_pb_column type=&#8221;1_4&#8243; _builder_version=&#8221;4.16&#8243; global_colors_info=&#8221;{}&#8221;][et_pb_sidebar _builder_version=&#8221;4.16&#8243; global_colors_info=&#8221;{}&#8221;][\/et_pb_sidebar][\/et_pb_column][\/et_pb_row][\/et_pb_section]<\/p>\n","protected":false},"excerpt":{"rendered":"<p>Plan strat\u00e9gique de FINE pour l\u2019enseignement infirmier en Europe (2025\u20132035) Fond\u00e9e en 1995, la F\u00e9d\u00e9ration europ\u00e9enne des formateurs en sciences infirmi\u00e8res (FINE) se consacre \u00e0 l\u2019avancement de l\u2019enseignement infirmier \u00e0 travers l\u2019Europe. FINE offre une plateforme permettant aux formateurs d\u2019\u00e9changer des connaissances, de partager les meilleures pratiques et de collaborer sur les innovations en sciences [&hellip;]<\/p>\n","protected":false},"author":2,"featured_media":0,"parent":192,"menu_order":3,"comment_status":"closed","ping_status":"closed","template":"","meta":{"_et_pb_use_builder":"on","_et_pb_old_content":"","_et_gb_content_width":"","footnotes":""},"class_list":["post-719","page","type-page","status-publish","hentry"],"_links":{"self":[{"href":"https:\/\/www.fine-europe.eu\/index.php?rest_route=\/wp\/v2\/pages\/719","targetHints":{"allow":["GET"]}}],"collection":[{"href":"https:\/\/www.fine-europe.eu\/index.php?rest_route=\/wp\/v2\/pages"}],"about":[{"href":"https:\/\/www.fine-europe.eu\/index.php?rest_route=\/wp\/v2\/types\/page"}],"author":[{"embeddable":true,"href":"https:\/\/www.fine-europe.eu\/index.php?rest_route=\/wp\/v2\/users\/2"}],"replies":[{"embeddable":true,"href":"https:\/\/www.fine-europe.eu\/index.php?rest_route=%2Fwp%2Fv2%2Fcomments&post=719"}],"version-history":[{"count":11,"href":"https:\/\/www.fine-europe.eu\/index.php?rest_route=\/wp\/v2\/pages\/719\/revisions"}],"predecessor-version":[{"id":4458,"href":"https:\/\/www.fine-europe.eu\/index.php?rest_route=\/wp\/v2\/pages\/719\/revisions\/4458"}],"up":[{"embeddable":true,"href":"https:\/\/www.fine-europe.eu\/index.php?rest_route=\/wp\/v2\/pages\/192"}],"wp:attachment":[{"href":"https:\/\/www.fine-europe.eu\/index.php?rest_route=%2Fwp%2Fv2%2Fmedia&parent=719"}],"curies":[{"name":"wp","href":"https:\/\/api.w.org\/{rel}","templated":true}]}}