{"id":832,"date":"2020-01-28T20:53:20","date_gmt":"2020-01-28T20:53:20","guid":{"rendered":"http:\/\/fine-europe.eu\/?page_id=832"},"modified":"2025-01-06T20:48:14","modified_gmt":"2025-01-06T20:48:14","slug":"executive-board","status":"publish","type":"page","link":"https:\/\/www.fine-europe.eu\/?page_id=832&lang=en","title":{"rendered":"Executive Board"},"content":{"rendered":"<p>[et_pb_section fb_built=&#8221;1&#8243; specialty=&#8221;on&#8221; _builder_version=&#8221;4.16&#8243; global_colors_info=&#8221;{}&#8221;][et_pb_column type=&#8221;3_4&#8243; specialty_columns=&#8221;3&#8243; _builder_version=&#8221;4.16&#8243; custom_padding=&#8221;|||&#8221; global_colors_info=&#8221;{}&#8221; custom_padding__hover=&#8221;|||&#8221;][et_pb_row_inner _builder_version=&#8221;4.16&#8243; global_colors_info=&#8221;{}&#8221;][et_pb_column_inner saved_specialty_column_type=&#8221;3_4&#8243; _builder_version=&#8221;4.16&#8243; global_colors_info=&#8221;{}&#8221;][et_pb_text admin_label=&#8221;Text&#8221; _builder_version=&#8221;4.27.2&#8243; background_size=&#8221;initial&#8221; background_position=&#8221;top_left&#8221; background_repeat=&#8221;repeat&#8221; custom_padding=&#8221;||0px|||&#8221; global_colors_info=&#8221;{}&#8221;]<\/p>\n<p><!-- divi:paragraph --><\/p>\n<h3>The Executive Board<\/h3>\n<p>FINE Europe is managed by nine members who form the Executive Board. A group of expert nursing educators advise the Executive Board on FINE&#8217;s activities from a professional point of view.<\/p>\n<p><!-- \/divi:paragraph --><\/p>\n<p>[\/et_pb_text][\/et_pb_column_inner][\/et_pb_row_inner][et_pb_row_inner column_structure=&#8221;1_3,1_3,1_3&#8243; _builder_version=&#8221;4.16&#8243; global_colors_info=&#8221;{}&#8221;][et_pb_column_inner type=&#8221;1_3&#8243; saved_specialty_column_type=&#8221;3_4&#8243; _builder_version=&#8221;4.16&#8243; global_colors_info=&#8221;{}&#8221;][et_pb_image src=&#8221;http:\/\/fine-europe.eu\/wp-content\/uploads\/2020\/01\/C.Dury_-scaled-e1580070053259.jpg&#8221; align=&#8221;center&#8221; force_fullwidth=&#8221;on&#8221; _builder_version=&#8221;4.16&#8243; global_colors_info=&#8221;{}&#8221;][\/et_pb_image][et_pb_text _builder_version=&#8221;4.27.2&#8243; background_color=&#8221;#0C71C3&#8243; custom_padding=&#8221;||0px|||&#8221; global_colors_info=&#8221;{}&#8221;]<\/p>\n<p style=\"text-align: center;\"><span style=\"color: #ffffff;\"><strong>C\u00e9cile Dury<\/strong><br \/>\nPRESIDENT<br \/>Belgium<\/span><\/p>\n<p>[\/et_pb_text][et_pb_button button_url=&#8221;https:\/\/fine-europe.eu\/?page_id=892&#038;lang=en&#8221; button_text=&#8221;Read the article&#8221; button_alignment=&#8221;center&#8221; _builder_version=&#8221;4.16&#8243; transform_scale=&#8221;60%|60%&#8221; global_colors_info=&#8221;{}&#8221;][\/et_pb_button][\/et_pb_column_inner][et_pb_column_inner type=&#8221;1_3&#8243; saved_specialty_column_type=&#8221;3_4&#8243; _builder_version=&#8221;4.16&#8243; global_colors_info=&#8221;{}&#8221;][et_pb_image src=&#8221;http:\/\/fine-europe.eu\/wp-content\/uploads\/2019\/11\/Maria-Cassar_Photo-230&#215;260.jpg&#8221; force_fullwidth=&#8221;on&#8221; _builder_version=&#8221;4.16&#8243; global_colors_info=&#8221;{}&#8221;][\/et_pb_image][et_pb_text _builder_version=&#8221;4.27.2&#8243; background_color=&#8221;#0C71C3&#8243; global_colors_info=&#8221;{}&#8221;]<\/p>\n<p style=\"text-align: center;\"><span style=\"color: #ffffff;\"><strong>Maria Cassar<\/strong><br \/>VICE-PRESIDENT<br \/>Malta<\/span><\/p>\n<p>[\/et_pb_text][et_pb_button button_url=&#8221;https:\/\/fine-europe.eu\/?page_id=2033&#038;lang=en&#8221; button_text=&#8221;Read the article&#8221; button_alignment=&#8221;center&#8221; _builder_version=&#8221;4.16&#8243; transform_scale=&#8221;60%|60%&#8221; global_colors_info=&#8221;{}&#8221;][\/et_pb_button][\/et_pb_column_inner][et_pb_column_inner type=&#8221;1_3&#8243; saved_specialty_column_type=&#8221;3_4&#8243; _builder_version=&#8221;4.16&#8243; global_colors_info=&#8221;{}&#8221;][et_pb_image src=&#8221;https:\/\/www.fine-europe.eu\/wp-content\/uploads\/2022\/04\/JEZEGOU-Jean-Franc\u0327ois_ALSACE-2-1.jpeg&#8221; title_text=&#8221;JEZEGOU Jean Franc\u0327ois_ALSACE (2)&#8221; force_fullwidth=&#8221;on&#8221; _builder_version=&#8221;4.16&#8243; global_colors_info=&#8221;{}&#8221;][\/et_pb_image][et_pb_text _builder_version=&#8221;4.27.2&#8243; background_color=&#8221;#0C71C3&#8243; global_colors_info=&#8221;{}&#8221;]<\/p>\n<p style=\"text-align: center;\"><span style=\"color: #ffffff;\"><strong>Jean-Francois J\u00e9z\u00e9gou<\/strong><br \/>\nTREASURER<br \/>\nFrance<\/span><\/p>\n<p>[\/et_pb_text][et_pb_button button_url=&#8221;https:\/\/fine-europe.eu\/?page_id=2975&#038;lang=en&#8221; button_text=&#8221;Read the article&#8221; button_alignment=&#8221;center&#8221; _builder_version=&#8221;4.16&#8243; transform_scale=&#8221;60%|60%&#8221; global_colors_info=&#8221;{}&#8221;][\/et_pb_button][\/et_pb_column_inner][\/et_pb_row_inner][et_pb_row_inner column_structure=&#8221;1_3,1_3,1_3&#8243; _builder_version=&#8221;4.16&#8243; global_colors_info=&#8221;{}&#8221;][et_pb_column_inner type=&#8221;1_3&#8243; saved_specialty_column_type=&#8221;3_4&#8243; _builder_version=&#8221;4.16&#8243; global_colors_info=&#8221;{}&#8221;][et_pb_image src=&#8221;https:\/\/www.fine-europe.eu\/wp-content\/uploads\/2024\/10\/Screenshot-2024-10-25-at-10.58.08.png&#8221; title_text=&#8221;Screenshot 2024-10-25 at 10.58.08&#8243; force_fullwidth=&#8221;on&#8221; _builder_version=&#8221;4.27.2&#8243; global_colors_info=&#8221;{}&#8221;][\/et_pb_image][et_pb_text _builder_version=&#8221;4.27.2&#8243; background_color=&#8221;#0C71C3&#8243; hover_enabled=&#8221;0&#8243; global_colors_info=&#8221;{}&#8221; sticky_enabled=&#8221;0&#8243;]<\/p>\n<p style=\"text-align: center;\"><span style=\"color: #ffffff;\"><strong>Helga Bragadottir<\/strong><br \/>\nEXECUTIVE MEMBER<br \/>\nIceland<\/span><\/p>\n<p>[\/et_pb_text][et_pb_button button_url=&#8221;https:\/\/fine-europe.eu\/?page_id=3957&#038;lang=en&#8221; button_text=&#8221;Read the article&#8221; button_alignment=&#8221;center&#8221; _builder_version=&#8221;4.27.2&#8243; transform_scale=&#8221;60%|60%&#8221; hover_enabled=&#8221;0&#8243; global_colors_info=&#8221;{}&#8221; sticky_enabled=&#8221;0&#8243;][\/et_pb_button][\/et_pb_column_inner][et_pb_column_inner type=&#8221;1_3&#8243; saved_specialty_column_type=&#8221;3_4&#8243; _builder_version=&#8221;4.16&#8243; global_colors_info=&#8221;{}&#8221;][et_pb_image src=&#8221;https:\/\/www.fine-europe.eu\/wp-content\/uploads\/2024\/10\/Screenshot-2024-10-24-at-17.55.24.png&#8221; title_text=&#8221;Screenshot 2024-10-24 at 17.55.24&#8243; force_fullwidth=&#8221;on&#8221; _builder_version=&#8221;4.27.2&#8243; global_colors_info=&#8221;{}&#8221;][\/et_pb_image][et_pb_text _builder_version=&#8221;4.27.2&#8243; background_color=&#8221;#0C71C3&#8243; global_colors_info=&#8221;{}&#8221;]<\/p>\n<p style=\"text-align: center;\"><span style=\"color: #ffffff;\"><strong>Antonio Bonacaro<\/strong><br \/>\nEXECUTIF MEMBER<br \/>Italia<\/span><\/p>\n<p>[\/et_pb_text][et_pb_button button_url=&#8221;https:\/\/fine-europe.eu\/?page_id=3966&#038;lang=en&#8221; button_text=&#8221;Read the article&#8221; button_alignment=&#8221;center&#8221; _builder_version=&#8221;4.27.2&#8243; transform_scale=&#8221;60%|60%&#8221; hover_enabled=&#8221;0&#8243; global_colors_info=&#8221;{}&#8221; sticky_enabled=&#8221;0&#8243;][\/et_pb_button][\/et_pb_column_inner][et_pb_column_inner type=&#8221;1_3&#8243; saved_specialty_column_type=&#8221;3_4&#8243; _builder_version=&#8221;4.16&#8243; global_colors_info=&#8221;{}&#8221;][et_pb_image src=&#8221;https:\/\/www.fine-europe.eu\/wp-content\/uploads\/2024\/10\/Screenshot-2024-10-24-at-18.03.19.png&#8221; title_text=&#8221;Screenshot 2024-10-24 at 18.03.19&#8243; force_fullwidth=&#8221;on&#8221; _builder_version=&#8221;4.27.2&#8243; global_colors_info=&#8221;{}&#8221;][\/et_pb_image][et_pb_text _builder_version=&#8221;4.27.2&#8243; background_color=&#8221;#0C71C3&#8243; global_colors_info=&#8221;{}&#8221;]<\/p>\n<p style=\"text-align: center;\"><span style=\"color: #ffffff;\"><strong>Olivier Morenon<\/strong><br \/>\nEXECUTIF MEMBER<br \/>Switzerland<\/span><\/p>\n<p>[\/et_pb_text][et_pb_button button_url=&#8221;https:\/\/fine-europe.eu\/?page_id=3976&#038;lang=en&#8221; button_text=&#8221;Read the article&#8221; button_alignment=&#8221;center&#8221; _builder_version=&#8221;4.27.2&#8243; transform_scale=&#8221;60%|60%&#8221; hover_enabled=&#8221;0&#8243; global_colors_info=&#8221;{}&#8221; sticky_enabled=&#8221;0&#8243;][\/et_pb_button][\/et_pb_column_inner][\/et_pb_row_inner][et_pb_row_inner column_structure=&#8221;1_3,1_3,1_3&#8243; _builder_version=&#8221;4.16&#8243; global_colors_info=&#8221;{}&#8221;][et_pb_column_inner type=&#8221;1_3&#8243; saved_specialty_column_type=&#8221;3_4&#8243; _builder_version=&#8221;4.16&#8243; global_colors_info=&#8221;{}&#8221;][et_pb_image src=&#8221;https:\/\/www.fine-europe.eu\/wp-content\/uploads\/cfdb7_uploads\/1728486634c08e85ae3e-file-544-Photo_SARA-PINTO-Portugal.jpg&#8221; title_text=&#8221;dimitrios_theofanis&#8221; force_fullwidth=&#8221;on&#8221; _builder_version=&#8221;4.27.2&#8243; global_colors_info=&#8221;{}&#8221;][\/et_pb_image][et_pb_text _builder_version=&#8221;4.27.2&#8243; background_color=&#8221;#0C71C3&#8243; global_colors_info=&#8221;{}&#8221;]<\/p>\n<p style=\"text-align: center;\"><span style=\"color: #ffffff;\"><strong>Sara Pinto<\/strong><br \/>\nEXECUTIF MEMBER<br \/>\nPortugal<\/span><\/p>\n<p>[\/et_pb_text][et_pb_button button_url=&#8221;https:\/\/fine-europe.eu\/?page_id=3991&#038;lang=en&#8221; button_text=&#8221;Read the article&#8221; button_alignment=&#8221;center&#8221; _builder_version=&#8221;4.27.2&#8243; transform_scale=&#8221;60%|60%&#8221; hover_enabled=&#8221;0&#8243; global_colors_info=&#8221;{}&#8221; sticky_enabled=&#8221;0&#8243;][\/et_pb_button][\/et_pb_column_inner][et_pb_column_inner type=&#8221;1_3&#8243; saved_specialty_column_type=&#8221;3_4&#8243; _builder_version=&#8221;4.16&#8243; global_colors_info=&#8221;{}&#8221;][et_pb_image src=&#8221;https:\/\/www.fine-europe.eu\/wp-content\/uploads\/cfdb7_uploads\/17274240128c12901420-file-544-DSC_7671.jpg&#8221; title_text=&#8221;dimitrios_theofanis&#8221; force_fullwidth=&#8221;on&#8221; _builder_version=&#8221;4.27.2&#8243; global_colors_info=&#8221;{}&#8221;][\/et_pb_image][et_pb_text _builder_version=&#8221;4.27.2&#8243; background_color=&#8221;#0C71C3&#8243; global_colors_info=&#8221;{}&#8221;]<\/p>\n<p style=\"text-align: center;\"><span style=\"color: #ffffff;\"><strong>Mirko Prosen<\/strong><br \/>\nEXECUTIF MEMBER<br \/>Slovenia<\/span><\/p>\n<p>[\/et_pb_text][et_pb_button button_url=&#8221;https:\/\/fine-europe.eu\/?page_id=3998&#038;lang=en&#8221; button_text=&#8221;Read the article&#8221; button_alignment=&#8221;center&#8221; _builder_version=&#8221;4.27.2&#8243; transform_scale=&#8221;60%|60%&#8221; hover_enabled=&#8221;0&#8243; global_colors_info=&#8221;{}&#8221; sticky_enabled=&#8221;0&#8243;][\/et_pb_button][\/et_pb_column_inner][et_pb_column_inner type=&#8221;1_3&#8243; saved_specialty_column_type=&#8221;3_4&#8243; _builder_version=&#8221;4.16&#8243; global_colors_info=&#8221;{}&#8221;][et_pb_image src=&#8221;https:\/\/www.fine-europe.eu\/wp-content\/uploads\/2022\/09\/dimitrios_theofanis-1.jpeg&#8221; title_text=&#8221;dimitrios_theofanis&#8221; force_fullwidth=&#8221;on&#8221; _builder_version=&#8221;4.18.0&#8243; global_colors_info=&#8221;{}&#8221;][\/et_pb_image][et_pb_text _builder_version=&#8221;4.16&#8243; background_color=&#8221;#0C71C3&#8243; global_colors_info=&#8221;{}&#8221;]<\/p>\n<p style=\"text-align: center;\"><span style=\"color: #ffffff;\">Dimitris Theofanidis<br \/>\nEXECUTIF MEMBER<\/span><\/p>\n<p>[\/et_pb_text][et_pb_button button_url=&#8221;https:\/\/fine-europe.eu\/?page_id=2042&#038;lang=en&#8221; button_text=&#8221;Read the article&#8221; button_alignment=&#8221;center&#8221; _builder_version=&#8221;4.18.0&#8243; transform_scale=&#8221;60%|60%&#8221; global_colors_info=&#8221;{}&#8221;][\/et_pb_button][\/et_pb_column_inner][\/et_pb_row_inner][\/et_pb_column][et_pb_column type=&#8221;1_4&#8243; _builder_version=&#8221;4.16&#8243; custom_padding=&#8221;|||&#8221; global_colors_info=&#8221;{}&#8221; custom_padding__hover=&#8221;|||&#8221;][et_pb_sidebar _builder_version=&#8221;4.16&#8243; global_colors_info=&#8221;{}&#8221;][\/et_pb_sidebar][\/et_pb_column][\/et_pb_section]<\/p>\n","protected":false},"excerpt":{"rendered":"<p>The Executive Board FINE Europe is managed by nine members who form the Executive Board. A group of expert nursing educators advise the Executive Board on FINE&#8217;s activities from a professional point of view. C\u00e9cile Dury PRESIDENTBelgiumMaria CassarVICE-PRESIDENTMaltaJean-Francois J\u00e9z\u00e9gou TREASURER FranceHelga Bragadottir EXECUTIVE MEMBER IcelandAntonio Bonacaro EXECUTIF MEMBERItaliaOlivier Morenon EXECUTIF MEMBERSwitzerlandSara Pinto EXECUTIF MEMBER PortugalMirko [&hellip;]<\/p>\n","protected":false},"author":2,"featured_media":0,"parent":0,"menu_order":4,"comment_status":"closed","ping_status":"closed","template":"","meta":{"_et_pb_use_builder":"on","_et_pb_old_content":"<!-- wp:paragraph -->\n<p>[simple-staff-list]<\/p>\n<!-- \/wp:paragraph -->","_et_gb_content_width":"","footnotes":""},"class_list":["post-832","page","type-page","status-publish","hentry"],"_links":{"self":[{"href":"https:\/\/www.fine-europe.eu\/index.php?rest_route=\/wp\/v2\/pages\/832","targetHints":{"allow":["GET"]}}],"collection":[{"href":"https:\/\/www.fine-europe.eu\/index.php?rest_route=\/wp\/v2\/pages"}],"about":[{"href":"https:\/\/www.fine-europe.eu\/index.php?rest_route=\/wp\/v2\/types\/page"}],"author":[{"embeddable":true,"href":"https:\/\/www.fine-europe.eu\/index.php?rest_route=\/wp\/v2\/users\/2"}],"replies":[{"embeddable":true,"href":"https:\/\/www.fine-europe.eu\/index.php?rest_route=%2Fwp%2Fv2%2Fcomments&post=832"}],"version-history":[{"count":32,"href":"https:\/\/www.fine-europe.eu\/index.php?rest_route=\/wp\/v2\/pages\/832\/revisions"}],"predecessor-version":[{"id":4004,"href":"https:\/\/www.fine-europe.eu\/index.php?rest_route=\/wp\/v2\/pages\/832\/revisions\/4004"}],"wp:attachment":[{"href":"https:\/\/www.fine-europe.eu\/index.php?rest_route=%2Fwp%2Fv2%2Fmedia&parent=832"}],"curies":[{"name":"wp","href":"https:\/\/api.w.org\/{rel}","templated":true}]}}